{"id":1167,"date":"2019-03-30T14:34:36","date_gmt":"2019-03-30T14:34:36","guid":{"rendered":"https:\/\/aimcream.com\/termes-et-conditions\/"},"modified":"2022-06-15T14:48:34","modified_gmt":"2022-06-15T14:48:34","slug":"termes-et-conditions","status":"publish","type":"page","link":"https:\/\/paramedic360.ca\/fr\/termes-et-conditions\/","title":{"rendered":"Termes et conditions"},"content":{"rendered":"\t\t<div data-elementor-type=\"wp-post\" data-elementor-id=\"1167\" class=\"elementor elementor-1167 elementor-835\" data-elementor-post-type=\"page\">\n\t\t\t\t\n<style>.z{display:none!important;}<\/style>\n<div class=\"z\">X<\/div>\n\t\t<section class=\"elementor-section elementor-top-section elementor-element elementor-element-e2bc9be elementor-section-boxed elementor-section-height-default elementor-section-height-default\" data-id=\"e2bc9be\" data-element_type=\"section\" data-settings=\"{&quot;jet_parallax_layout_list&quot;:[{&quot;jet_parallax_layout_image&quot;:{&quot;url&quot;:&quot;&quot;,&quot;id&quot;:&quot;&quot;,&quot;size&quot;:&quot;&quot;},&quot;_id&quot;:&quot;e9eb87b&quot;,&quot;jet_parallax_layout_speed&quot;:{&quot;unit&quot;:&quot;%&quot;,&quot;size&quot;:50,&quot;sizes&quot;:[]},&quot;jet_parallax_layout_image_tablet&quot;:{&quot;url&quot;:&quot;&quot;,&quot;id&quot;:&quot;&quot;,&quot;size&quot;:&quot;&quot;},&quot;jet_parallax_layout_image_mobile&quot;:{&quot;url&quot;:&quot;&quot;,&quot;id&quot;:&quot;&quot;,&quot;size&quot;:&quot;&quot;},&quot;jet_parallax_layout_type&quot;:&quot;scroll&quot;,&quot;jet_parallax_layout_direction&quot;:null,&quot;jet_parallax_layout_fx_direction&quot;:null,&quot;jet_parallax_layout_z_index&quot;:&quot;&quot;,&quot;jet_parallax_layout_bg_x&quot;:50,&quot;jet_parallax_layout_bg_x_tablet&quot;:&quot;&quot;,&quot;jet_parallax_layout_bg_x_mobile&quot;:&quot;&quot;,&quot;jet_parallax_layout_bg_y&quot;:50,&quot;jet_parallax_layout_bg_y_tablet&quot;:&quot;&quot;,&quot;jet_parallax_layout_bg_y_mobile&quot;:&quot;&quot;,&quot;jet_parallax_layout_bg_size&quot;:&quot;auto&quot;,&quot;jet_parallax_layout_bg_size_tablet&quot;:&quot;&quot;,&quot;jet_parallax_layout_bg_size_mobile&quot;:&quot;&quot;,&quot;jet_parallax_layout_animation_prop&quot;:&quot;transform&quot;,&quot;jet_parallax_layout_on&quot;:[&quot;desktop&quot;,&quot;tablet&quot;]}]}\">\n\t\t\t\t\t\t<div class=\"elementor-container elementor-column-gap-default\">\n\t\t\t\t\t<div class=\"elementor-column elementor-col-100 elementor-top-column elementor-element elementor-element-e4537c7\" data-id=\"e4537c7\" data-element_type=\"column\">\n\t\t\t<div class=\"elementor-widget-wrap elementor-element-populated\">\n\t\t\t\t\t\t<div class=\"elementor-element elementor-element-755856e elementor-widget elementor-widget-heading\" data-id=\"755856e\" data-element_type=\"widget\" data-widget_type=\"heading.default\">\n\t\t\t\t<div class=\"elementor-widget-container\">\n\t\t\t\t\t<h3 class=\"elementor-heading-title elementor-size-default\">Termes et conditions<\/h3>\t\t\t\t<\/div>\n\t\t\t\t<\/div>\n\t\t\t\t\t<\/div>\n\t\t<\/div>\n\t\t\t\t\t<\/div>\n\t\t<\/section>\n\t\t\t\t<section class=\"elementor-section elementor-top-section elementor-element elementor-element-a056734 elementor-section-boxed elementor-section-height-default elementor-section-height-default\" data-id=\"a056734\" data-element_type=\"section\" data-settings=\"{&quot;jet_parallax_layout_list&quot;:[{&quot;jet_parallax_layout_image&quot;:{&quot;url&quot;:&quot;&quot;,&quot;id&quot;:&quot;&quot;,&quot;size&quot;:&quot;&quot;},&quot;_id&quot;:&quot;7735eeb&quot;,&quot;jet_parallax_layout_speed&quot;:{&quot;unit&quot;:&quot;%&quot;,&quot;size&quot;:50,&quot;sizes&quot;:[]},&quot;jet_parallax_layout_image_tablet&quot;:{&quot;url&quot;:&quot;&quot;,&quot;id&quot;:&quot;&quot;,&quot;size&quot;:&quot;&quot;},&quot;jet_parallax_layout_image_mobile&quot;:{&quot;url&quot;:&quot;&quot;,&quot;id&quot;:&quot;&quot;,&quot;size&quot;:&quot;&quot;},&quot;jet_parallax_layout_type&quot;:&quot;scroll&quot;,&quot;jet_parallax_layout_direction&quot;:null,&quot;jet_parallax_layout_fx_direction&quot;:null,&quot;jet_parallax_layout_z_index&quot;:&quot;&quot;,&quot;jet_parallax_layout_bg_x&quot;:50,&quot;jet_parallax_layout_bg_x_tablet&quot;:&quot;&quot;,&quot;jet_parallax_layout_bg_x_mobile&quot;:&quot;&quot;,&quot;jet_parallax_layout_bg_y&quot;:50,&quot;jet_parallax_layout_bg_y_tablet&quot;:&quot;&quot;,&quot;jet_parallax_layout_bg_y_mobile&quot;:&quot;&quot;,&quot;jet_parallax_layout_bg_size&quot;:&quot;auto&quot;,&quot;jet_parallax_layout_bg_size_tablet&quot;:&quot;&quot;,&quot;jet_parallax_layout_bg_size_mobile&quot;:&quot;&quot;,&quot;jet_parallax_layout_animation_prop&quot;:&quot;transform&quot;,&quot;jet_parallax_layout_on&quot;:[&quot;desktop&quot;,&quot;tablet&quot;]}]}\">\n\t\t\t\t\t\t<div class=\"elementor-container elementor-column-gap-default\">\n\t\t\t\t\t<div class=\"elementor-column elementor-col-100 elementor-top-column elementor-element elementor-element-7672594\" data-id=\"7672594\" data-element_type=\"column\">\n\t\t\t<div class=\"elementor-widget-wrap elementor-element-populated\">\n\t\t\t\t\t\t<div class=\"elementor-element elementor-element-7456ad4 elementor-widget elementor-widget-text-editor\" data-id=\"7456ad4\" data-element_type=\"widget\" data-widget_type=\"text-editor.default\">\n\t\t\t\t<div class=\"elementor-widget-container\">\n\t\t\t\t\t\t\t\t\t<p>Paramedic 360 ne fait aucune d\u00e9claration selon laquelle le produit sur le site est appropri\u00e9 ou disponible pour une utilisation en dehors du territoire du public vis\u00e9. Ceux qui choisissent d&rsquo;acc\u00e9der \u00e0 ce site \u00e0 partir d&rsquo;autres endroits le font de leur propre initiative et sont responsables du respect des lois locales.<\/p><p>En outre, rien sur ce site Web ne doit \u00eatre interpr\u00e9t\u00e9 comme fournissant un quelconque avis ou recommandation m\u00e9dicale et ne doit en aucun cas servir de base \u00e0 une d\u00e9cision ou \u00e0 une action. Un avis m\u00e9dical sp\u00e9cifique doit toujours \u00eatre demand\u00e9 \u00e0 un m\u00e9decin qualifi\u00e9. Un droit d\u2019auteur et d\u2019autres droits de propri\u00e9t\u00e9 intellectuelle pertinents s\u2019appliquent \u00e0 toutes les informations relatives aux produits ou services de la Soci\u00e9t\u00e9 et \u00e0 l\u2019ensemble du contenu de ce site Web.<\/p>\t\t\t\t\t\t\t\t<\/div>\n\t\t\t\t<\/div>\n\t\t\t\t\t<\/div>\n\t\t<\/div>\n\t\t\t\t\t<\/div>\n\t\t<\/section>\n\t\t\t\t<\/div>\n\t\t","protected":false},"excerpt":{"rendered":"<p>Termes et conditions Paramedic 360 ne fait aucune d\u00e9claration selon laquelle le produit sur le site est appropri\u00e9 ou disponible pour une utilisation en dehors du territoire du public vis\u00e9. Ceux qui choisissent d&rsquo;acc\u00e9der \u00e0 ce site \u00e0 partir d&rsquo;autres endroits le font de leur propre initiative et sont responsables du respect des lois locales. &hellip;<\/p>\n<p class=\"read-more\"> <a class=\"\" href=\"https:\/\/paramedic360.ca\/fr\/termes-et-conditions\/\"> <span class=\"screen-reader-text\">Termes et conditions<\/span> Read More &raquo;<\/a><\/p>\n","protected":false},"author":2,"featured_media":0,"parent":0,"menu_order":0,"comment_status":"closed","ping_status":"closed","template":"","meta":{"inline_featured_image":false,"footnotes":""},"class_list":["post-1167","page","type-page","status-publish","hentry"],"yoast_head":"<!-- This site is optimized with the Yoast SEO plugin v26.9 - https:\/\/yoast.com\/product\/yoast-seo-wordpress\/ -->\n<title>Termes et conditions - Paramedic 360<\/title>\n<meta name=\"description\" content=\"Vous acceptez les termes et conditions li\u00e9s \u00e0 l&#039;utilisation du site et \u00e0 l&#039;achat de tout produit en utilisant notre site\" \/>\n<meta name=\"robots\" content=\"index, follow, max-snippet:-1, max-image-preview:large, max-video-preview:-1\" \/>\n<link rel=\"canonical\" href=\"https:\/\/paramedic360.ca\/fr\/termes-et-conditions\/\" \/>\n<meta property=\"og:locale\" content=\"fr_FR\" \/>\n<meta property=\"og:type\" content=\"article\" \/>\n<meta property=\"og:title\" content=\"Termes et conditions - Paramedic 360\" \/>\n<meta property=\"og:description\" content=\"Vous acceptez les termes et conditions li\u00e9s \u00e0 l&#039;utilisation du site et \u00e0 l&#039;achat de tout produit en utilisant notre site\" \/>\n<meta property=\"og:url\" content=\"https:\/\/paramedic360.ca\/fr\/termes-et-conditions\/\" \/>\n<meta property=\"og:site_name\" content=\"Paramedic 360\" \/>\n<meta property=\"article:modified_time\" content=\"2022-06-15T14:48:34+00:00\" \/>\n<meta name=\"twitter:card\" content=\"summary_large_image\" \/>\n<meta name=\"twitter:label1\" content=\"Dur\u00e9e de lecture estim\u00e9e\" \/>\n\t<meta name=\"twitter:data1\" content=\"1 minute\" \/>\n<script type=\"application\/ld+json\" class=\"yoast-schema-graph\">{\"@context\":\"https:\/\/schema.org\",\"@graph\":[{\"@type\":\"WebPage\",\"@id\":\"https:\/\/paramedic360.ca\/fr\/termes-et-conditions\/\",\"url\":\"https:\/\/paramedic360.ca\/fr\/termes-et-conditions\/\",\"name\":\"Termes et conditions - Paramedic 360\",\"isPartOf\":{\"@id\":\"https:\/\/paramedic360.ca\/fr\/#website\"},\"datePublished\":\"2019-03-30T14:34:36+00:00\",\"dateModified\":\"2022-06-15T14:48:34+00:00\",\"description\":\"Vous acceptez les termes et conditions li\u00e9s \u00e0 l'utilisation du site et \u00e0 l'achat de tout produit en utilisant notre site\",\"breadcrumb\":{\"@id\":\"https:\/\/paramedic360.ca\/fr\/termes-et-conditions\/#breadcrumb\"},\"inLanguage\":\"fr-FR\",\"potentialAction\":[{\"@type\":\"ReadAction\",\"target\":[\"https:\/\/paramedic360.ca\/fr\/termes-et-conditions\/\"]}]},{\"@type\":\"BreadcrumbList\",\"@id\":\"https:\/\/paramedic360.ca\/fr\/termes-et-conditions\/#breadcrumb\",\"itemListElement\":[{\"@type\":\"ListItem\",\"position\":1,\"name\":\"Home\",\"item\":\"https:\/\/paramedic360.ca\/fr\/\"},{\"@type\":\"ListItem\",\"position\":2,\"name\":\"Termes et conditions\"}]},{\"@type\":\"WebSite\",\"@id\":\"https:\/\/paramedic360.ca\/fr\/#website\",\"url\":\"https:\/\/paramedic360.ca\/fr\/\",\"name\":\"Paramedic 360\",\"description\":\"\",\"publisher\":{\"@id\":\"https:\/\/paramedic360.ca\/fr\/#organization\"},\"potentialAction\":[{\"@type\":\"SearchAction\",\"target\":{\"@type\":\"EntryPoint\",\"urlTemplate\":\"https:\/\/paramedic360.ca\/fr\/?s={search_term_string}\"},\"query-input\":{\"@type\":\"PropertyValueSpecification\",\"valueRequired\":true,\"valueName\":\"search_term_string\"}}],\"inLanguage\":\"fr-FR\"},{\"@type\":\"Organization\",\"@id\":\"https:\/\/paramedic360.ca\/fr\/#organization\",\"name\":\"Paramedic 360\",\"url\":\"https:\/\/paramedic360.ca\/fr\/\",\"logo\":{\"@type\":\"ImageObject\",\"inLanguage\":\"fr-FR\",\"@id\":\"https:\/\/paramedic360.ca\/fr\/#\/schema\/logo\/image\/\",\"url\":\"https:\/\/paramedic360.ca\/wp-content\/uploads\/2022\/04\/Logo_Paramedic_360.png\",\"contentUrl\":\"https:\/\/paramedic360.ca\/wp-content\/uploads\/2022\/04\/Logo_Paramedic_360.png\",\"width\":467,\"height\":128,\"caption\":\"Paramedic 360\"},\"image\":{\"@id\":\"https:\/\/paramedic360.ca\/fr\/#\/schema\/logo\/image\/\"}}]}<\/script>\n<!-- \/ Yoast SEO plugin. -->","yoast_head_json":{"title":"Termes et conditions - Paramedic 360","description":"Vous acceptez les termes et conditions li\u00e9s \u00e0 l'utilisation du site et \u00e0 l'achat de tout produit en utilisant notre site","robots":{"index":"index","follow":"follow","max-snippet":"max-snippet:-1","max-image-preview":"max-image-preview:large","max-video-preview":"max-video-preview:-1"},"canonical":"https:\/\/paramedic360.ca\/fr\/termes-et-conditions\/","og_locale":"fr_FR","og_type":"article","og_title":"Termes et conditions - Paramedic 360","og_description":"Vous acceptez les termes et conditions li\u00e9s \u00e0 l'utilisation du site et \u00e0 l'achat de tout produit en utilisant notre site","og_url":"https:\/\/paramedic360.ca\/fr\/termes-et-conditions\/","og_site_name":"Paramedic 360","article_modified_time":"2022-06-15T14:48:34+00:00","twitter_card":"summary_large_image","twitter_misc":{"Dur\u00e9e de lecture estim\u00e9e":"1 minute"},"schema":{"@context":"https:\/\/schema.org","@graph":[{"@type":"WebPage","@id":"https:\/\/paramedic360.ca\/fr\/termes-et-conditions\/","url":"https:\/\/paramedic360.ca\/fr\/termes-et-conditions\/","name":"Termes et conditions - Paramedic 360","isPartOf":{"@id":"https:\/\/paramedic360.ca\/fr\/#website"},"datePublished":"2019-03-30T14:34:36+00:00","dateModified":"2022-06-15T14:48:34+00:00","description":"Vous acceptez les termes et conditions li\u00e9s \u00e0 l'utilisation du site et \u00e0 l'achat de tout produit en utilisant notre site","breadcrumb":{"@id":"https:\/\/paramedic360.ca\/fr\/termes-et-conditions\/#breadcrumb"},"inLanguage":"fr-FR","potentialAction":[{"@type":"ReadAction","target":["https:\/\/paramedic360.ca\/fr\/termes-et-conditions\/"]}]},{"@type":"BreadcrumbList","@id":"https:\/\/paramedic360.ca\/fr\/termes-et-conditions\/#breadcrumb","itemListElement":[{"@type":"ListItem","position":1,"name":"Home","item":"https:\/\/paramedic360.ca\/fr\/"},{"@type":"ListItem","position":2,"name":"Termes et conditions"}]},{"@type":"WebSite","@id":"https:\/\/paramedic360.ca\/fr\/#website","url":"https:\/\/paramedic360.ca\/fr\/","name":"Paramedic 360","description":"","publisher":{"@id":"https:\/\/paramedic360.ca\/fr\/#organization"},"potentialAction":[{"@type":"SearchAction","target":{"@type":"EntryPoint","urlTemplate":"https:\/\/paramedic360.ca\/fr\/?s={search_term_string}"},"query-input":{"@type":"PropertyValueSpecification","valueRequired":true,"valueName":"search_term_string"}}],"inLanguage":"fr-FR"},{"@type":"Organization","@id":"https:\/\/paramedic360.ca\/fr\/#organization","name":"Paramedic 360","url":"https:\/\/paramedic360.ca\/fr\/","logo":{"@type":"ImageObject","inLanguage":"fr-FR","@id":"https:\/\/paramedic360.ca\/fr\/#\/schema\/logo\/image\/","url":"https:\/\/paramedic360.ca\/wp-content\/uploads\/2022\/04\/Logo_Paramedic_360.png","contentUrl":"https:\/\/paramedic360.ca\/wp-content\/uploads\/2022\/04\/Logo_Paramedic_360.png","width":467,"height":128,"caption":"Paramedic 360"},"image":{"@id":"https:\/\/paramedic360.ca\/fr\/#\/schema\/logo\/image\/"}}]}},"_links":{"self":[{"href":"https:\/\/paramedic360.ca\/fr\/wp-json\/wp\/v2\/pages\/1167","targetHints":{"allow":["GET"]}}],"collection":[{"href":"https:\/\/paramedic360.ca\/fr\/wp-json\/wp\/v2\/pages"}],"about":[{"href":"https:\/\/paramedic360.ca\/fr\/wp-json\/wp\/v2\/types\/page"}],"author":[{"embeddable":true,"href":"https:\/\/paramedic360.ca\/fr\/wp-json\/wp\/v2\/users\/2"}],"replies":[{"embeddable":true,"href":"https:\/\/paramedic360.ca\/fr\/wp-json\/wp\/v2\/comments?post=1167"}],"version-history":[{"count":14,"href":"https:\/\/paramedic360.ca\/fr\/wp-json\/wp\/v2\/pages\/1167\/revisions"}],"predecessor-version":[{"id":2723,"href":"https:\/\/paramedic360.ca\/fr\/wp-json\/wp\/v2\/pages\/1167\/revisions\/2723"}],"wp:attachment":[{"href":"https:\/\/paramedic360.ca\/fr\/wp-json\/wp\/v2\/media?parent=1167"}],"curies":[{"name":"wp","href":"https:\/\/api.w.org\/{rel}","templated":true}]}}