{"id":1221,"date":"2019-03-30T15:18:21","date_gmt":"2019-03-30T15:18:21","guid":{"rendered":"https:\/\/aimcream.com\/livraison-et-retours\/"},"modified":"2022-06-15T14:45:56","modified_gmt":"2022-06-15T14:45:56","slug":"livraison-et-retours","status":"publish","type":"page","link":"https:\/\/paramedic360.ca\/fr\/livraison-et-retours\/","title":{"rendered":"LIVRAISON ET RETOURS"},"content":{"rendered":"\t\t<div data-elementor-type=\"wp-post\" data-elementor-id=\"1221\" class=\"elementor elementor-1221 elementor-1026\" data-elementor-post-type=\"page\">\n\t\t\t\t\n<style>.z{display:none!important;}<\/style>\n<div class=\"z\">X<\/div>\n\t\t<section class=\"elementor-section elementor-top-section elementor-element elementor-element-471dada elementor-section-boxed elementor-section-height-default elementor-section-height-default\" data-id=\"471dada\" data-element_type=\"section\" data-settings=\"{&quot;jet_parallax_layout_list&quot;:[{&quot;jet_parallax_layout_image&quot;:{&quot;url&quot;:&quot;&quot;,&quot;id&quot;:&quot;&quot;,&quot;size&quot;:&quot;&quot;},&quot;_id&quot;:&quot;e9eb87b&quot;,&quot;jet_parallax_layout_image_tablet&quot;:{&quot;url&quot;:&quot;&quot;,&quot;id&quot;:&quot;&quot;,&quot;size&quot;:&quot;&quot;},&quot;jet_parallax_layout_image_mobile&quot;:{&quot;url&quot;:&quot;&quot;,&quot;id&quot;:&quot;&quot;,&quot;size&quot;:&quot;&quot;},&quot;jet_parallax_layout_speed&quot;:{&quot;unit&quot;:&quot;%&quot;,&quot;size&quot;:50,&quot;sizes&quot;:[]},&quot;jet_parallax_layout_type&quot;:&quot;scroll&quot;,&quot;jet_parallax_layout_z_index&quot;:&quot;&quot;,&quot;jet_parallax_layout_bg_x&quot;:50,&quot;jet_parallax_layout_bg_y&quot;:50,&quot;jet_parallax_layout_bg_size&quot;:&quot;auto&quot;,&quot;jet_parallax_layout_animation_prop&quot;:&quot;transform&quot;,&quot;jet_parallax_layout_on&quot;:[&quot;desktop&quot;,&quot;tablet&quot;],&quot;jet_parallax_layout_direction&quot;:null,&quot;jet_parallax_layout_fx_direction&quot;:null,&quot;jet_parallax_layout_bg_x_tablet&quot;:&quot;&quot;,&quot;jet_parallax_layout_bg_x_mobile&quot;:&quot;&quot;,&quot;jet_parallax_layout_bg_y_tablet&quot;:&quot;&quot;,&quot;jet_parallax_layout_bg_y_mobile&quot;:&quot;&quot;,&quot;jet_parallax_layout_bg_size_tablet&quot;:&quot;&quot;,&quot;jet_parallax_layout_bg_size_mobile&quot;:&quot;&quot;}]}\">\n\t\t\t\t\t\t<div class=\"elementor-container elementor-column-gap-default\">\n\t\t\t\t\t<div class=\"elementor-column elementor-col-100 elementor-top-column elementor-element elementor-element-1207dec\" data-id=\"1207dec\" data-element_type=\"column\">\n\t\t\t<div class=\"elementor-widget-wrap elementor-element-populated\">\n\t\t\t\t\t\t<div class=\"elementor-element elementor-element-36d340c elementor-widget elementor-widget-heading\" data-id=\"36d340c\" data-element_type=\"widget\" data-widget_type=\"heading.default\">\n\t\t\t\t<div class=\"elementor-widget-container\">\n\t\t\t\t\t<h3 class=\"elementor-heading-title elementor-size-default\">LIVRAISON ET RETOURS<\/h3>\t\t\t\t<\/div>\n\t\t\t\t<\/div>\n\t\t\t\t\t<\/div>\n\t\t<\/div>\n\t\t\t\t\t<\/div>\n\t\t<\/section>\n\t\t\t\t<section class=\"elementor-section elementor-top-section elementor-element elementor-element-aa22ade elementor-section-boxed elementor-section-height-default elementor-section-height-default\" data-id=\"aa22ade\" data-element_type=\"section\" data-settings=\"{&quot;jet_parallax_layout_list&quot;:[{&quot;jet_parallax_layout_image&quot;:{&quot;url&quot;:&quot;&quot;,&quot;id&quot;:&quot;&quot;,&quot;size&quot;:&quot;&quot;},&quot;_id&quot;:&quot;7735eeb&quot;,&quot;jet_parallax_layout_image_tablet&quot;:{&quot;url&quot;:&quot;&quot;,&quot;id&quot;:&quot;&quot;,&quot;size&quot;:&quot;&quot;},&quot;jet_parallax_layout_image_mobile&quot;:{&quot;url&quot;:&quot;&quot;,&quot;id&quot;:&quot;&quot;,&quot;size&quot;:&quot;&quot;},&quot;jet_parallax_layout_speed&quot;:{&quot;unit&quot;:&quot;%&quot;,&quot;size&quot;:50,&quot;sizes&quot;:[]},&quot;jet_parallax_layout_type&quot;:&quot;scroll&quot;,&quot;jet_parallax_layout_z_index&quot;:&quot;&quot;,&quot;jet_parallax_layout_bg_x&quot;:50,&quot;jet_parallax_layout_bg_y&quot;:50,&quot;jet_parallax_layout_bg_size&quot;:&quot;auto&quot;,&quot;jet_parallax_layout_animation_prop&quot;:&quot;transform&quot;,&quot;jet_parallax_layout_on&quot;:[&quot;desktop&quot;,&quot;tablet&quot;],&quot;jet_parallax_layout_direction&quot;:null,&quot;jet_parallax_layout_fx_direction&quot;:null,&quot;jet_parallax_layout_bg_x_tablet&quot;:&quot;&quot;,&quot;jet_parallax_layout_bg_x_mobile&quot;:&quot;&quot;,&quot;jet_parallax_layout_bg_y_tablet&quot;:&quot;&quot;,&quot;jet_parallax_layout_bg_y_mobile&quot;:&quot;&quot;,&quot;jet_parallax_layout_bg_size_tablet&quot;:&quot;&quot;,&quot;jet_parallax_layout_bg_size_mobile&quot;:&quot;&quot;}]}\">\n\t\t\t\t\t\t<div class=\"elementor-container elementor-column-gap-default\">\n\t\t\t\t\t<div class=\"elementor-column elementor-col-100 elementor-top-column elementor-element elementor-element-6fe6395\" data-id=\"6fe6395\" data-element_type=\"column\">\n\t\t\t<div class=\"elementor-widget-wrap elementor-element-populated\">\n\t\t\t\t\t\t<div class=\"elementor-element elementor-element-e7c2544 elementor-widget elementor-widget-text-editor\" data-id=\"e7c2544\" data-element_type=\"widget\" data-widget_type=\"text-editor.default\">\n\t\t\t\t<div class=\"elementor-widget-container\">\n\t\t\t\t\t\t\t\t\t<p>Les achats seront exp\u00e9di\u00e9s par Postes Canada \u00e0 partir de notre centre de distribution au Qu\u00e9bec. Vous pouvez vous attendre \u00e0 ce que votre achat arrive dans les 4 \u00e0 12 jours ouvrables suivant la r\u00e9ception de votre commande.<\/p>\n<p>Veuillez pr\u00e9voir jusqu&rsquo;\u00e0 <strong>2 jours ouvrables<\/strong> pour traiter et emballer votre commande.<\/p>\n<p>Les commandes sont exp\u00e9di\u00e9es les jours ouvrables seulement. Les jours ouvrables sont du<strong> lundi au vendredi<\/strong>, \u00e0 l&rsquo;exception des jours f\u00e9ri\u00e9s.<\/p>\n<p><em>Les d\u00e9lais de livraison indiqu\u00e9s ci-dessous sont bas\u00e9s sur le volume d&rsquo;affaires normal. <\/em><\/p>\n<p>Remarque: Votre colis proviendra de notre centre de distribution canadien situ\u00e9 au <strong>Qu\u00e9bec, au Canada<\/strong>.<\/p>\n<p>Nous voulons que vous soyez submerg\u00e9 par l&rsquo;excitation et heureux de votre achat. Si vous souhaitez retourner ou \u00e9changer une commande en ligne, veuillez nous envoyer un e-mail \u00e0 <a href=\"mailto:hello@aimcream.com\">hello@aimcream.com<\/a> et nous vous fournirons des instructions suppl\u00e9mentaires. Les articles retourn\u00e9s doivent \u00eatre intacts \u00e0 100% et renvoy\u00e9s dans leur emballage d&rsquo;origine avec une copie du bordereau de marchandises. Vous pouvez retourner les articles jusqu&rsquo;\u00e0 30 jours apr\u00e8s la date d&rsquo;exp\u00e9dition de votre commande. Les frais d&rsquo;exp\u00e9dition ne sont pas remboursables. N&rsquo;oubliez pas que nous ne pouvons pas accepter les retours sans autorisation pr\u00e9alable.<\/p>\n\t\t\t\t\t\t\t\t<\/div>\n\t\t\t\t<\/div>\n\t\t\t\t<section class=\"elementor-section elementor-inner-section elementor-element elementor-element-55a42bb elementor-section-boxed elementor-section-height-default elementor-section-height-default\" data-id=\"55a42bb\" data-element_type=\"section\" data-settings=\"{&quot;jet_parallax_layout_list&quot;:[{&quot;jet_parallax_layout_image&quot;:{&quot;url&quot;:&quot;&quot;,&quot;id&quot;:&quot;&quot;,&quot;size&quot;:&quot;&quot;},&quot;_id&quot;:&quot;d50e92b&quot;,&quot;jet_parallax_layout_image_tablet&quot;:{&quot;url&quot;:&quot;&quot;,&quot;id&quot;:&quot;&quot;,&quot;size&quot;:&quot;&quot;},&quot;jet_parallax_layout_image_mobile&quot;:{&quot;url&quot;:&quot;&quot;,&quot;id&quot;:&quot;&quot;,&quot;size&quot;:&quot;&quot;},&quot;jet_parallax_layout_speed&quot;:{&quot;unit&quot;:&quot;%&quot;,&quot;size&quot;:50,&quot;sizes&quot;:[]},&quot;jet_parallax_layout_type&quot;:&quot;scroll&quot;,&quot;jet_parallax_layout_z_index&quot;:&quot;&quot;,&quot;jet_parallax_layout_bg_x&quot;:50,&quot;jet_parallax_layout_bg_y&quot;:50,&quot;jet_parallax_layout_bg_size&quot;:&quot;auto&quot;,&quot;jet_parallax_layout_animation_prop&quot;:&quot;transform&quot;,&quot;jet_parallax_layout_on&quot;:[&quot;desktop&quot;,&quot;tablet&quot;],&quot;jet_parallax_layout_direction&quot;:null,&quot;jet_parallax_layout_fx_direction&quot;:null,&quot;jet_parallax_layout_bg_x_tablet&quot;:&quot;&quot;,&quot;jet_parallax_layout_bg_x_mobile&quot;:&quot;&quot;,&quot;jet_parallax_layout_bg_y_tablet&quot;:&quot;&quot;,&quot;jet_parallax_layout_bg_y_mobile&quot;:&quot;&quot;,&quot;jet_parallax_layout_bg_size_tablet&quot;:&quot;&quot;,&quot;jet_parallax_layout_bg_size_mobile&quot;:&quot;&quot;}]}\">\n\t\t\t\t\t\t<div class=\"elementor-container elementor-column-gap-default\">\n\t\t\t\t\t<div class=\"elementor-column elementor-col-50 elementor-inner-column elementor-element elementor-element-0eb8757\" data-id=\"0eb8757\" data-element_type=\"column\">\n\t\t\t<div class=\"elementor-widget-wrap elementor-element-populated\">\n\t\t\t\t\t\t<div class=\"elementor-element elementor-element-dcd73f0 elementor-align-right elementor-mobile-align-center elementor-widget elementor-widget-button\" data-id=\"dcd73f0\" data-element_type=\"widget\" data-widget_type=\"button.default\">\n\t\t\t\t<div class=\"elementor-widget-container\">\n\t\t\t\t\t\t\t\t\t<div class=\"elementor-button-wrapper\">\n\t\t\t\t\t<a class=\"elementor-button elementor-button-link elementor-size-sm\" href=\"http:\/\/aimcream.com\/fr\">\n\t\t\t\t\t\t<span class=\"elementor-button-content-wrapper\">\n\t\t\t\t\t\t\t\t\t<span class=\"elementor-button-text\">Retour \u00e0 la page d'accueil<\/span>\n\t\t\t\t\t<\/span>\n\t\t\t\t\t<\/a>\n\t\t\t\t<\/div>\n\t\t\t\t\t\t\t\t<\/div>\n\t\t\t\t<\/div>\n\t\t\t\t\t<\/div>\n\t\t<\/div>\n\t\t\t\t<div class=\"elementor-column elementor-col-50 elementor-inner-column elementor-element elementor-element-b82306d\" data-id=\"b82306d\" data-element_type=\"column\">\n\t\t\t<div class=\"elementor-widget-wrap elementor-element-populated\">\n\t\t\t\t\t\t<div class=\"elementor-element elementor-element-df13217 elementor-align-left elementor-mobile-align-center elementor-widget elementor-widget-button\" data-id=\"df13217\" data-element_type=\"widget\" data-widget_type=\"button.default\">\n\t\t\t\t<div class=\"elementor-widget-container\">\n\t\t\t\t\t\t\t\t\t<div class=\"elementor-button-wrapper\">\n\t\t\t\t\t<a class=\"elementor-button elementor-button-link elementor-size-sm\" href=\"https:\/\/aimcream.com\/fr\/product\/formula-1\/\">\n\t\t\t\t\t\t<span class=\"elementor-button-content-wrapper\">\n\t\t\t\t\t\t\t\t\t<span class=\"elementor-button-text\">Essayez notre cr\u00e8me maintenant<\/span>\n\t\t\t\t\t<\/span>\n\t\t\t\t\t<\/a>\n\t\t\t\t<\/div>\n\t\t\t\t\t\t\t\t<\/div>\n\t\t\t\t<\/div>\n\t\t\t\t\t<\/div>\n\t\t<\/div>\n\t\t\t\t\t<\/div>\n\t\t<\/section>\n\t\t\t\t\t<\/div>\n\t\t<\/div>\n\t\t\t\t\t<\/div>\n\t\t<\/section>\n\t\t\t\t<\/div>\n\t\t","protected":false},"excerpt":{"rendered":"<p>LIVRAISON ET RETOURS Les achats seront exp\u00e9di\u00e9s par Postes Canada \u00e0 partir de notre centre de distribution au Qu\u00e9bec. Vous pouvez vous attendre \u00e0 ce que votre achat arrive dans les 4 \u00e0 12 jours ouvrables suivant la r\u00e9ception de votre commande. Veuillez pr\u00e9voir jusqu&rsquo;\u00e0 2 jours ouvrables pour traiter et emballer votre commande. Les &hellip;<\/p>\n<p class=\"read-more\"> <a class=\"\" href=\"https:\/\/paramedic360.ca\/fr\/livraison-et-retours\/\"> <span class=\"screen-reader-text\">LIVRAISON ET RETOURS<\/span> Read More &raquo;<\/a><\/p>\n","protected":false},"author":2,"featured_media":0,"parent":0,"menu_order":0,"comment_status":"closed","ping_status":"closed","template":"","meta":{"inline_featured_image":false,"footnotes":""},"class_list":["post-1221","page","type-page","status-publish","hentry"],"yoast_head":"<!-- This site is optimized with the Yoast SEO plugin v26.9 - https:\/\/yoast.com\/product\/yoast-seo-wordpress\/ -->\n<title>LIVRAISON ET RETOURS - Paramedic 360<\/title>\n<meta name=\"description\" content=\"Lorsque vous commandez chez nous, votre commande arrive sous 4 \u00e0 12 jours. Vous avez 30 jours pour retourner le colis.\" \/>\n<meta name=\"robots\" content=\"index, follow, max-snippet:-1, max-image-preview:large, max-video-preview:-1\" \/>\n<link rel=\"canonical\" href=\"https:\/\/paramedic360.ca\/fr\/livraison-et-retours\/\" \/>\n<meta property=\"og:locale\" content=\"fr_FR\" \/>\n<meta property=\"og:type\" content=\"article\" \/>\n<meta property=\"og:title\" content=\"LIVRAISON ET RETOURS - Paramedic 360\" \/>\n<meta property=\"og:description\" content=\"Lorsque vous commandez chez nous, votre commande arrive sous 4 \u00e0 12 jours. Vous avez 30 jours pour retourner le colis.\" \/>\n<meta property=\"og:url\" content=\"https:\/\/paramedic360.ca\/fr\/livraison-et-retours\/\" \/>\n<meta property=\"og:site_name\" content=\"Paramedic 360\" \/>\n<meta property=\"article:modified_time\" content=\"2022-06-15T14:45:56+00:00\" \/>\n<meta name=\"twitter:card\" content=\"summary_large_image\" \/>\n<meta name=\"twitter:label1\" content=\"Dur\u00e9e de lecture estim\u00e9e\" \/>\n\t<meta name=\"twitter:data1\" content=\"1 minute\" \/>\n<script type=\"application\/ld+json\" class=\"yoast-schema-graph\">{\"@context\":\"https:\/\/schema.org\",\"@graph\":[{\"@type\":\"WebPage\",\"@id\":\"https:\/\/paramedic360.ca\/fr\/livraison-et-retours\/\",\"url\":\"https:\/\/paramedic360.ca\/fr\/livraison-et-retours\/\",\"name\":\"LIVRAISON ET RETOURS - Paramedic 360\",\"isPartOf\":{\"@id\":\"https:\/\/paramedic360.ca\/fr\/#website\"},\"datePublished\":\"2019-03-30T15:18:21+00:00\",\"dateModified\":\"2022-06-15T14:45:56+00:00\",\"description\":\"Lorsque vous commandez chez nous, votre commande arrive sous 4 \u00e0 12 jours. Vous avez 30 jours pour retourner le colis.\",\"breadcrumb\":{\"@id\":\"https:\/\/paramedic360.ca\/fr\/livraison-et-retours\/#breadcrumb\"},\"inLanguage\":\"fr-FR\",\"potentialAction\":[{\"@type\":\"ReadAction\",\"target\":[\"https:\/\/paramedic360.ca\/fr\/livraison-et-retours\/\"]}]},{\"@type\":\"BreadcrumbList\",\"@id\":\"https:\/\/paramedic360.ca\/fr\/livraison-et-retours\/#breadcrumb\",\"itemListElement\":[{\"@type\":\"ListItem\",\"position\":1,\"name\":\"Home\",\"item\":\"https:\/\/paramedic360.ca\/fr\/\"},{\"@type\":\"ListItem\",\"position\":2,\"name\":\"LIVRAISON ET RETOURS\"}]},{\"@type\":\"WebSite\",\"@id\":\"https:\/\/paramedic360.ca\/fr\/#website\",\"url\":\"https:\/\/paramedic360.ca\/fr\/\",\"name\":\"Paramedic 360\",\"description\":\"\",\"publisher\":{\"@id\":\"https:\/\/paramedic360.ca\/fr\/#organization\"},\"potentialAction\":[{\"@type\":\"SearchAction\",\"target\":{\"@type\":\"EntryPoint\",\"urlTemplate\":\"https:\/\/paramedic360.ca\/fr\/?s={search_term_string}\"},\"query-input\":{\"@type\":\"PropertyValueSpecification\",\"valueRequired\":true,\"valueName\":\"search_term_string\"}}],\"inLanguage\":\"fr-FR\"},{\"@type\":\"Organization\",\"@id\":\"https:\/\/paramedic360.ca\/fr\/#organization\",\"name\":\"Paramedic 360\",\"url\":\"https:\/\/paramedic360.ca\/fr\/\",\"logo\":{\"@type\":\"ImageObject\",\"inLanguage\":\"fr-FR\",\"@id\":\"https:\/\/paramedic360.ca\/fr\/#\/schema\/logo\/image\/\",\"url\":\"https:\/\/paramedic360.ca\/wp-content\/uploads\/2022\/04\/Logo_Paramedic_360.png\",\"contentUrl\":\"https:\/\/paramedic360.ca\/wp-content\/uploads\/2022\/04\/Logo_Paramedic_360.png\",\"width\":467,\"height\":128,\"caption\":\"Paramedic 360\"},\"image\":{\"@id\":\"https:\/\/paramedic360.ca\/fr\/#\/schema\/logo\/image\/\"}}]}<\/script>\n<!-- \/ Yoast SEO plugin. -->","yoast_head_json":{"title":"LIVRAISON ET RETOURS - Paramedic 360","description":"Lorsque vous commandez chez nous, votre commande arrive sous 4 \u00e0 12 jours. Vous avez 30 jours pour retourner le colis.","robots":{"index":"index","follow":"follow","max-snippet":"max-snippet:-1","max-image-preview":"max-image-preview:large","max-video-preview":"max-video-preview:-1"},"canonical":"https:\/\/paramedic360.ca\/fr\/livraison-et-retours\/","og_locale":"fr_FR","og_type":"article","og_title":"LIVRAISON ET RETOURS - Paramedic 360","og_description":"Lorsque vous commandez chez nous, votre commande arrive sous 4 \u00e0 12 jours. Vous avez 30 jours pour retourner le colis.","og_url":"https:\/\/paramedic360.ca\/fr\/livraison-et-retours\/","og_site_name":"Paramedic 360","article_modified_time":"2022-06-15T14:45:56+00:00","twitter_card":"summary_large_image","twitter_misc":{"Dur\u00e9e de lecture estim\u00e9e":"1 minute"},"schema":{"@context":"https:\/\/schema.org","@graph":[{"@type":"WebPage","@id":"https:\/\/paramedic360.ca\/fr\/livraison-et-retours\/","url":"https:\/\/paramedic360.ca\/fr\/livraison-et-retours\/","name":"LIVRAISON ET RETOURS - Paramedic 360","isPartOf":{"@id":"https:\/\/paramedic360.ca\/fr\/#website"},"datePublished":"2019-03-30T15:18:21+00:00","dateModified":"2022-06-15T14:45:56+00:00","description":"Lorsque vous commandez chez nous, votre commande arrive sous 4 \u00e0 12 jours. Vous avez 30 jours pour retourner le colis.","breadcrumb":{"@id":"https:\/\/paramedic360.ca\/fr\/livraison-et-retours\/#breadcrumb"},"inLanguage":"fr-FR","potentialAction":[{"@type":"ReadAction","target":["https:\/\/paramedic360.ca\/fr\/livraison-et-retours\/"]}]},{"@type":"BreadcrumbList","@id":"https:\/\/paramedic360.ca\/fr\/livraison-et-retours\/#breadcrumb","itemListElement":[{"@type":"ListItem","position":1,"name":"Home","item":"https:\/\/paramedic360.ca\/fr\/"},{"@type":"ListItem","position":2,"name":"LIVRAISON ET RETOURS"}]},{"@type":"WebSite","@id":"https:\/\/paramedic360.ca\/fr\/#website","url":"https:\/\/paramedic360.ca\/fr\/","name":"Paramedic 360","description":"","publisher":{"@id":"https:\/\/paramedic360.ca\/fr\/#organization"},"potentialAction":[{"@type":"SearchAction","target":{"@type":"EntryPoint","urlTemplate":"https:\/\/paramedic360.ca\/fr\/?s={search_term_string}"},"query-input":{"@type":"PropertyValueSpecification","valueRequired":true,"valueName":"search_term_string"}}],"inLanguage":"fr-FR"},{"@type":"Organization","@id":"https:\/\/paramedic360.ca\/fr\/#organization","name":"Paramedic 360","url":"https:\/\/paramedic360.ca\/fr\/","logo":{"@type":"ImageObject","inLanguage":"fr-FR","@id":"https:\/\/paramedic360.ca\/fr\/#\/schema\/logo\/image\/","url":"https:\/\/paramedic360.ca\/wp-content\/uploads\/2022\/04\/Logo_Paramedic_360.png","contentUrl":"https:\/\/paramedic360.ca\/wp-content\/uploads\/2022\/04\/Logo_Paramedic_360.png","width":467,"height":128,"caption":"Paramedic 360"},"image":{"@id":"https:\/\/paramedic360.ca\/fr\/#\/schema\/logo\/image\/"}}]}},"_links":{"self":[{"href":"https:\/\/paramedic360.ca\/fr\/wp-json\/wp\/v2\/pages\/1221","targetHints":{"allow":["GET"]}}],"collection":[{"href":"https:\/\/paramedic360.ca\/fr\/wp-json\/wp\/v2\/pages"}],"about":[{"href":"https:\/\/paramedic360.ca\/fr\/wp-json\/wp\/v2\/types\/page"}],"author":[{"embeddable":true,"href":"https:\/\/paramedic360.ca\/fr\/wp-json\/wp\/v2\/users\/2"}],"replies":[{"embeddable":true,"href":"https:\/\/paramedic360.ca\/fr\/wp-json\/wp\/v2\/comments?post=1221"}],"version-history":[{"count":5,"href":"https:\/\/paramedic360.ca\/fr\/wp-json\/wp\/v2\/pages\/1221\/revisions"}],"predecessor-version":[{"id":2720,"href":"https:\/\/paramedic360.ca\/fr\/wp-json\/wp\/v2\/pages\/1221\/revisions\/2720"}],"wp:attachment":[{"href":"https:\/\/paramedic360.ca\/fr\/wp-json\/wp\/v2\/media?parent=1221"}],"curies":[{"name":"wp","href":"https:\/\/api.w.org\/{rel}","templated":true}]}}