{"id":2294,"date":"2022-05-05T20:35:48","date_gmt":"2022-05-05T20:35:48","guid":{"rendered":"https:\/\/paramedic360.ca\/product\/fir-compression-support-knee\/"},"modified":"2022-05-09T15:31:51","modified_gmt":"2022-05-09T15:31:51","slug":"fir-support-genou","status":"publish","type":"product","link":"https:\/\/paramedic360.ca\/fr\/produit\/fir-support-genou\/","title":{"rendered":"SUPPORT FIR &#8211; GENOU"},"content":{"rendered":"","protected":false},"excerpt":{"rendered":"<p>Le support l\u00e9ger de genou Paramedic 360\u00b0 fournit une compression l\u00e9g\u00e8re optimis\u00e9e par ses zones de d\u00e9compression. Ce type de compression permet \u00e0 l\u2019utilisateur de demeurer actif suite \u00e0 une blessure l\u00e9g\u00e8re ou \u00e0 une faiblesse musculaire. Le support aide \u00e9galement \u00e0 optimiser la performance de l\u2019articulation.<\/p>\n<p>De plus, la TECHNOLOGIE FIR\u00ae utilis\u00e9e dans le mat\u00e9riel du support permet de capter la chaleur \u00e9mise par le corps pour la transformer en \u00e9nergie infrarouge et de la retourner vers le muscle, avec pour r\u00e9sultat une augmentation de la circulation et du flux sanguin ainsi que de l\u2019oxyg\u00e8ne transcutan\u00e9e, le tout facilitant la r\u00e9cup\u00e9ration ou la gu\u00e9rison musculaire.<\/p>\n<h4>UPC Code:<\/h4>\n<p>620278082036, 620278082043, 620278082050, 620278082067<\/p>\n","protected":false},"featured_media":2348,"template":"","meta":{"inline_featured_image":false},"product_brand":[],"product_cat":[74],"product_tag":[],"class_list":{"0":"post-2294","1":"product","2":"type-product","3":"status-publish","4":"has-post-thumbnail","6":"product_cat-uncategorized-fr","7":"align-left","8":"box-shadow-0","9":"box-shadow-0-hover","10":"ast-product-gallery-layout-horizontal","11":"ast-product-gallery-with-no-image","12":"ast-product-tabs-layout-horizontal","13":"ast-qv-on-image","15":"first","16":"instock","17":"taxable","18":"shipping-taxable","19":"purchasable","20":"product-type-variable"},"yoast_head":"<!-- This site is optimized with the Yoast SEO plugin v26.9 - https:\/\/yoast.com\/product\/yoast-seo-wordpress\/ -->\n<title>SUPPORT FIR - GENOU - Paramedic 360<\/title>\n<meta name=\"robots\" content=\"index, follow, max-snippet:-1, max-image-preview:large, max-video-preview:-1\" \/>\n<link rel=\"canonical\" href=\"https:\/\/paramedic360.ca\/fr\/produit\/fir-support-genou\/\" \/>\n<meta property=\"og:locale\" content=\"fr_FR\" \/>\n<meta property=\"og:type\" content=\"article\" \/>\n<meta property=\"og:title\" content=\"SUPPORT FIR - GENOU - Paramedic 360\" \/>\n<meta property=\"og:description\" content=\"Le support l\u00e9ger de genou Paramedic 360\u00b0 fournit une compression l\u00e9g\u00e8re optimis\u00e9e par ses zones de d\u00e9compression. Ce type de compression permet \u00e0 l\u2019utilisateur de demeurer actif suite \u00e0 une blessure l\u00e9g\u00e8re ou \u00e0 une faiblesse musculaire. Le support aide \u00e9galement \u00e0 optimiser la performance de l\u2019articulation.  De plus, la TECHNOLOGIE FIR\u00ae utilis\u00e9e dans le mat\u00e9riel du support permet de capter la chaleur \u00e9mise par le corps pour la transformer en \u00e9nergie infrarouge et de la retourner vers le muscle, avec pour r\u00e9sultat une augmentation de la circulation et du flux sanguin ainsi que de l\u2019oxyg\u00e8ne transcutan\u00e9e, le tout facilitant la r\u00e9cup\u00e9ration ou la gu\u00e9rison musculaire. UPC Code: 620278082036, 620278082043, 620278082050, 620278082067\" \/>\n<meta property=\"og:url\" content=\"https:\/\/paramedic360.ca\/fr\/produit\/fir-support-genou\/\" \/>\n<meta property=\"og:site_name\" content=\"Paramedic 360\" \/>\n<meta property=\"article:modified_time\" content=\"2022-05-09T15:31:51+00:00\" \/>\n<meta property=\"og:image\" content=\"https:\/\/paramedic360.ca\/wp-content\/uploads\/2022\/05\/Genou_nobg-min-2.png\" \/>\n\t<meta property=\"og:image:width\" content=\"620\" \/>\n\t<meta property=\"og:image:height\" content=\"620\" \/>\n\t<meta property=\"og:image:type\" content=\"image\/png\" \/>\n<meta name=\"twitter:card\" content=\"summary_large_image\" \/>\n<script type=\"application\/ld+json\" class=\"yoast-schema-graph\">{\"@context\":\"https:\/\/schema.org\",\"@graph\":[{\"@type\":\"WebPage\",\"@id\":\"https:\/\/paramedic360.ca\/fr\/produit\/fir-support-genou\/\",\"url\":\"https:\/\/paramedic360.ca\/fr\/produit\/fir-support-genou\/\",\"name\":\"SUPPORT FIR - GENOU - Paramedic 360\",\"isPartOf\":{\"@id\":\"https:\/\/paramedic360.ca\/fr\/#website\"},\"primaryImageOfPage\":{\"@id\":\"https:\/\/paramedic360.ca\/fr\/produit\/fir-support-genou\/#primaryimage\"},\"image\":{\"@id\":\"https:\/\/paramedic360.ca\/fr\/produit\/fir-support-genou\/#primaryimage\"},\"thumbnailUrl\":\"https:\/\/paramedic360.ca\/wp-content\/uploads\/2022\/05\/Genou_nobg-min-2.png\",\"datePublished\":\"2022-05-05T20:35:48+00:00\",\"dateModified\":\"2022-05-09T15:31:51+00:00\",\"breadcrumb\":{\"@id\":\"https:\/\/paramedic360.ca\/fr\/produit\/fir-support-genou\/#breadcrumb\"},\"inLanguage\":\"fr-FR\",\"potentialAction\":[{\"@type\":\"ReadAction\",\"target\":[\"https:\/\/paramedic360.ca\/fr\/produit\/fir-support-genou\/\"]}]},{\"@type\":\"ImageObject\",\"inLanguage\":\"fr-FR\",\"@id\":\"https:\/\/paramedic360.ca\/fr\/produit\/fir-support-genou\/#primaryimage\",\"url\":\"https:\/\/paramedic360.ca\/wp-content\/uploads\/2022\/05\/Genou_nobg-min-2.png\",\"contentUrl\":\"https:\/\/paramedic360.ca\/wp-content\/uploads\/2022\/05\/Genou_nobg-min-2.png\",\"width\":620,\"height\":620},{\"@type\":\"BreadcrumbList\",\"@id\":\"https:\/\/paramedic360.ca\/fr\/produit\/fir-support-genou\/#breadcrumb\",\"itemListElement\":[{\"@type\":\"ListItem\",\"position\":1,\"name\":\"Home\",\"item\":\"https:\/\/paramedic360.ca\/fr\/\"},{\"@type\":\"ListItem\",\"position\":2,\"name\":\"Boutique\",\"item\":\"https:\/\/paramedic360.ca\/fr\/boutique\/\"},{\"@type\":\"ListItem\",\"position\":3,\"name\":\"SUPPORT FIR &#8211; GENOU\"}]},{\"@type\":\"WebSite\",\"@id\":\"https:\/\/paramedic360.ca\/fr\/#website\",\"url\":\"https:\/\/paramedic360.ca\/fr\/\",\"name\":\"Paramedic 360\",\"description\":\"\",\"publisher\":{\"@id\":\"https:\/\/paramedic360.ca\/fr\/#organization\"},\"potentialAction\":[{\"@type\":\"SearchAction\",\"target\":{\"@type\":\"EntryPoint\",\"urlTemplate\":\"https:\/\/paramedic360.ca\/fr\/?s={search_term_string}\"},\"query-input\":{\"@type\":\"PropertyValueSpecification\",\"valueRequired\":true,\"valueName\":\"search_term_string\"}}],\"inLanguage\":\"fr-FR\"},{\"@type\":\"Organization\",\"@id\":\"https:\/\/paramedic360.ca\/fr\/#organization\",\"name\":\"Paramedic 360\",\"url\":\"https:\/\/paramedic360.ca\/fr\/\",\"logo\":{\"@type\":\"ImageObject\",\"inLanguage\":\"fr-FR\",\"@id\":\"https:\/\/paramedic360.ca\/fr\/#\/schema\/logo\/image\/\",\"url\":\"https:\/\/paramedic360.ca\/wp-content\/uploads\/2022\/04\/Logo_Paramedic_360.png\",\"contentUrl\":\"https:\/\/paramedic360.ca\/wp-content\/uploads\/2022\/04\/Logo_Paramedic_360.png\",\"width\":467,\"height\":128,\"caption\":\"Paramedic 360\"},\"image\":{\"@id\":\"https:\/\/paramedic360.ca\/fr\/#\/schema\/logo\/image\/\"}}]}<\/script>\n<!-- \/ Yoast SEO plugin. -->","yoast_head_json":{"title":"SUPPORT FIR - GENOU - Paramedic 360","robots":{"index":"index","follow":"follow","max-snippet":"max-snippet:-1","max-image-preview":"max-image-preview:large","max-video-preview":"max-video-preview:-1"},"canonical":"https:\/\/paramedic360.ca\/fr\/produit\/fir-support-genou\/","og_locale":"fr_FR","og_type":"article","og_title":"SUPPORT FIR - GENOU - Paramedic 360","og_description":"Le support l\u00e9ger de genou Paramedic 360\u00b0 fournit une compression l\u00e9g\u00e8re optimis\u00e9e par ses zones de d\u00e9compression. Ce type de compression permet \u00e0 l\u2019utilisateur de demeurer actif suite \u00e0 une blessure l\u00e9g\u00e8re ou \u00e0 une faiblesse musculaire. Le support aide \u00e9galement \u00e0 optimiser la performance de l\u2019articulation.  De plus, la TECHNOLOGIE FIR\u00ae utilis\u00e9e dans le mat\u00e9riel du support permet de capter la chaleur \u00e9mise par le corps pour la transformer en \u00e9nergie infrarouge et de la retourner vers le muscle, avec pour r\u00e9sultat une augmentation de la circulation et du flux sanguin ainsi que de l\u2019oxyg\u00e8ne transcutan\u00e9e, le tout facilitant la r\u00e9cup\u00e9ration ou la gu\u00e9rison musculaire. UPC Code: 620278082036, 620278082043, 620278082050, 620278082067","og_url":"https:\/\/paramedic360.ca\/fr\/produit\/fir-support-genou\/","og_site_name":"Paramedic 360","article_modified_time":"2022-05-09T15:31:51+00:00","og_image":[{"width":620,"height":620,"url":"https:\/\/paramedic360.ca\/wp-content\/uploads\/2022\/05\/Genou_nobg-min-2.png","type":"image\/png"}],"twitter_card":"summary_large_image","schema":{"@context":"https:\/\/schema.org","@graph":[{"@type":"WebPage","@id":"https:\/\/paramedic360.ca\/fr\/produit\/fir-support-genou\/","url":"https:\/\/paramedic360.ca\/fr\/produit\/fir-support-genou\/","name":"SUPPORT FIR - GENOU - Paramedic 360","isPartOf":{"@id":"https:\/\/paramedic360.ca\/fr\/#website"},"primaryImageOfPage":{"@id":"https:\/\/paramedic360.ca\/fr\/produit\/fir-support-genou\/#primaryimage"},"image":{"@id":"https:\/\/paramedic360.ca\/fr\/produit\/fir-support-genou\/#primaryimage"},"thumbnailUrl":"https:\/\/paramedic360.ca\/wp-content\/uploads\/2022\/05\/Genou_nobg-min-2.png","datePublished":"2022-05-05T20:35:48+00:00","dateModified":"2022-05-09T15:31:51+00:00","breadcrumb":{"@id":"https:\/\/paramedic360.ca\/fr\/produit\/fir-support-genou\/#breadcrumb"},"inLanguage":"fr-FR","potentialAction":[{"@type":"ReadAction","target":["https:\/\/paramedic360.ca\/fr\/produit\/fir-support-genou\/"]}]},{"@type":"ImageObject","inLanguage":"fr-FR","@id":"https:\/\/paramedic360.ca\/fr\/produit\/fir-support-genou\/#primaryimage","url":"https:\/\/paramedic360.ca\/wp-content\/uploads\/2022\/05\/Genou_nobg-min-2.png","contentUrl":"https:\/\/paramedic360.ca\/wp-content\/uploads\/2022\/05\/Genou_nobg-min-2.png","width":620,"height":620},{"@type":"BreadcrumbList","@id":"https:\/\/paramedic360.ca\/fr\/produit\/fir-support-genou\/#breadcrumb","itemListElement":[{"@type":"ListItem","position":1,"name":"Home","item":"https:\/\/paramedic360.ca\/fr\/"},{"@type":"ListItem","position":2,"name":"Boutique","item":"https:\/\/paramedic360.ca\/fr\/boutique\/"},{"@type":"ListItem","position":3,"name":"SUPPORT FIR &#8211; GENOU"}]},{"@type":"WebSite","@id":"https:\/\/paramedic360.ca\/fr\/#website","url":"https:\/\/paramedic360.ca\/fr\/","name":"Paramedic 360","description":"","publisher":{"@id":"https:\/\/paramedic360.ca\/fr\/#organization"},"potentialAction":[{"@type":"SearchAction","target":{"@type":"EntryPoint","urlTemplate":"https:\/\/paramedic360.ca\/fr\/?s={search_term_string}"},"query-input":{"@type":"PropertyValueSpecification","valueRequired":true,"valueName":"search_term_string"}}],"inLanguage":"fr-FR"},{"@type":"Organization","@id":"https:\/\/paramedic360.ca\/fr\/#organization","name":"Paramedic 360","url":"https:\/\/paramedic360.ca\/fr\/","logo":{"@type":"ImageObject","inLanguage":"fr-FR","@id":"https:\/\/paramedic360.ca\/fr\/#\/schema\/logo\/image\/","url":"https:\/\/paramedic360.ca\/wp-content\/uploads\/2022\/04\/Logo_Paramedic_360.png","contentUrl":"https:\/\/paramedic360.ca\/wp-content\/uploads\/2022\/04\/Logo_Paramedic_360.png","width":467,"height":128,"caption":"Paramedic 360"},"image":{"@id":"https:\/\/paramedic360.ca\/fr\/#\/schema\/logo\/image\/"}}]}},"_links":{"self":[{"href":"https:\/\/paramedic360.ca\/fr\/wp-json\/wp\/v2\/product\/2294","targetHints":{"allow":["GET"]}}],"collection":[{"href":"https:\/\/paramedic360.ca\/fr\/wp-json\/wp\/v2\/product"}],"about":[{"href":"https:\/\/paramedic360.ca\/fr\/wp-json\/wp\/v2\/types\/product"}],"wp:featuredmedia":[{"embeddable":true,"href":"https:\/\/paramedic360.ca\/fr\/wp-json\/wp\/v2\/media\/2348"}],"wp:attachment":[{"href":"https:\/\/paramedic360.ca\/fr\/wp-json\/wp\/v2\/media?parent=2294"}],"wp:term":[{"taxonomy":"product_brand","embeddable":true,"href":"https:\/\/paramedic360.ca\/fr\/wp-json\/wp\/v2\/product_brand?post=2294"},{"taxonomy":"product_cat","embeddable":true,"href":"https:\/\/paramedic360.ca\/fr\/wp-json\/wp\/v2\/product_cat?post=2294"},{"taxonomy":"product_tag","embeddable":true,"href":"https:\/\/paramedic360.ca\/fr\/wp-json\/wp\/v2\/product_tag?post=2294"}],"curies":[{"name":"wp","href":"https:\/\/api.w.org\/{rel}","templated":true}]}}