{"id":2459,"date":"2022-05-11T20:35:52","date_gmt":"2022-05-11T20:35:52","guid":{"rendered":"https:\/\/paramedic360.ca\/product\/diabetic-socks-white\/"},"modified":"2022-05-19T17:08:26","modified_gmt":"2022-05-19T17:08:26","slug":"bas-diabetique-blanc","status":"publish","type":"product","link":"https:\/\/paramedic360.ca\/fr\/produit\/bas-diabetique-blanc\/","title":{"rendered":"BAS DIABETIQUE BLANC"},"content":{"rendered":"<p>Les bas de compression pour diab\u00e9tique paramedic 360 sont con\u00e7ues pour fournir une compression gradu\u00e9e pour am\u00e9liorer la circulation sanguine et r\u00e9duire la fatigue des jambes apr\u00e8s un effort. Ce produit peut \u00eatre utilis\u00e9 pendant la performance physique et le temps de r\u00e9cup\u00e9ration. Il peut \u00e9galement \u00eatre utilis\u00e9 pour la pr\u00e9vention et le soulagement des varices et varicosit\u00e9s mineures \u00e0 mod\u00e9r\u00e9es. Ce produit est fabriqu\u00e9 avec un mat\u00e9riau respirant pour \u00e9viter l&rsquo;accumulation d&rsquo;humidit\u00e9. les fibres de nano-argent ont un effet antibact\u00e9rien et anti-odeur.<\/p>\n","protected":false},"excerpt":{"rendered":"<p>Bas de compression blanc pour diab\u00e9tique disponibles en 2 tailles. Confortables et \u00e9l\u00e9gants, ils fournissent une compression gradu\u00e9e permettant la r\u00e9duction de la fatigue musculaire pendant l\u2019effort.<\/p>\n<h4>UPC Code:<\/h4>\n<p>620278088601, 620278088618<\/p>\n","protected":false},"featured_media":2445,"template":"","meta":{"inline_featured_image":false},"product_brand":[],"product_cat":[74],"product_tag":[],"class_list":{"0":"post-2459","1":"product","2":"type-product","3":"status-publish","4":"has-post-thumbnail","6":"product_cat-uncategorized-fr","7":"align-left","8":"box-shadow-0","9":"box-shadow-0-hover","10":"ast-product-gallery-layout-horizontal","11":"ast-product-gallery-with-no-image","12":"ast-product-tabs-layout-horizontal","13":"ast-qv-on-image","15":"first","16":"instock","17":"taxable","18":"shipping-taxable","19":"purchasable","20":"product-type-variable"},"yoast_head":"<!-- This site is optimized with the Yoast SEO plugin v26.9 - https:\/\/yoast.com\/product\/yoast-seo-wordpress\/ -->\n<title>BAS DIABETIQUE BLANC - Paramedic 360<\/title>\n<meta name=\"robots\" content=\"index, follow, max-snippet:-1, max-image-preview:large, max-video-preview:-1\" \/>\n<link rel=\"canonical\" href=\"https:\/\/paramedic360.ca\/fr\/produit\/bas-diabetique-blanc\/\" \/>\n<meta property=\"og:locale\" content=\"fr_FR\" \/>\n<meta property=\"og:type\" content=\"article\" \/>\n<meta property=\"og:title\" content=\"BAS DIABETIQUE BLANC - Paramedic 360\" \/>\n<meta property=\"og:description\" content=\"Bas de compression blanc pour diab\u00e9tique disponibles en 2 tailles. Confortables et \u00e9l\u00e9gants, ils fournissent une compression gradu\u00e9e permettant la r\u00e9duction de la fatigue musculaire pendant l\u2019effort. UPC Code: 620278088601, 620278088618\" \/>\n<meta property=\"og:url\" content=\"https:\/\/paramedic360.ca\/fr\/produit\/bas-diabetique-blanc\/\" \/>\n<meta property=\"og:site_name\" content=\"Paramedic 360\" \/>\n<meta property=\"article:modified_time\" content=\"2022-05-19T17:08:26+00:00\" \/>\n<meta property=\"og:image\" content=\"https:\/\/paramedic360.ca\/wp-content\/uploads\/2022\/05\/DiabeticSocksWhite.png\" \/>\n\t<meta property=\"og:image:width\" content=\"620\" \/>\n\t<meta property=\"og:image:height\" content=\"620\" \/>\n\t<meta property=\"og:image:type\" content=\"image\/png\" \/>\n<meta name=\"twitter:card\" content=\"summary_large_image\" \/>\n<script type=\"application\/ld+json\" class=\"yoast-schema-graph\">{\"@context\":\"https:\/\/schema.org\",\"@graph\":[{\"@type\":\"WebPage\",\"@id\":\"https:\/\/paramedic360.ca\/fr\/produit\/bas-diabetique-blanc\/\",\"url\":\"https:\/\/paramedic360.ca\/fr\/produit\/bas-diabetique-blanc\/\",\"name\":\"BAS DIABETIQUE BLANC - Paramedic 360\",\"isPartOf\":{\"@id\":\"https:\/\/paramedic360.ca\/fr\/#website\"},\"primaryImageOfPage\":{\"@id\":\"https:\/\/paramedic360.ca\/fr\/produit\/bas-diabetique-blanc\/#primaryimage\"},\"image\":{\"@id\":\"https:\/\/paramedic360.ca\/fr\/produit\/bas-diabetique-blanc\/#primaryimage\"},\"thumbnailUrl\":\"https:\/\/paramedic360.ca\/wp-content\/uploads\/2022\/05\/DiabeticSocksWhite.png\",\"datePublished\":\"2022-05-11T20:35:52+00:00\",\"dateModified\":\"2022-05-19T17:08:26+00:00\",\"breadcrumb\":{\"@id\":\"https:\/\/paramedic360.ca\/fr\/produit\/bas-diabetique-blanc\/#breadcrumb\"},\"inLanguage\":\"fr-FR\",\"potentialAction\":[{\"@type\":\"ReadAction\",\"target\":[\"https:\/\/paramedic360.ca\/fr\/produit\/bas-diabetique-blanc\/\"]}]},{\"@type\":\"ImageObject\",\"inLanguage\":\"fr-FR\",\"@id\":\"https:\/\/paramedic360.ca\/fr\/produit\/bas-diabetique-blanc\/#primaryimage\",\"url\":\"https:\/\/paramedic360.ca\/wp-content\/uploads\/2022\/05\/DiabeticSocksWhite.png\",\"contentUrl\":\"https:\/\/paramedic360.ca\/wp-content\/uploads\/2022\/05\/DiabeticSocksWhite.png\",\"width\":620,\"height\":620},{\"@type\":\"BreadcrumbList\",\"@id\":\"https:\/\/paramedic360.ca\/fr\/produit\/bas-diabetique-blanc\/#breadcrumb\",\"itemListElement\":[{\"@type\":\"ListItem\",\"position\":1,\"name\":\"Home\",\"item\":\"https:\/\/paramedic360.ca\/fr\/\"},{\"@type\":\"ListItem\",\"position\":2,\"name\":\"Boutique\",\"item\":\"https:\/\/paramedic360.ca\/fr\/boutique\/\"},{\"@type\":\"ListItem\",\"position\":3,\"name\":\"BAS DIABETIQUE BLANC\"}]},{\"@type\":\"WebSite\",\"@id\":\"https:\/\/paramedic360.ca\/fr\/#website\",\"url\":\"https:\/\/paramedic360.ca\/fr\/\",\"name\":\"Paramedic 360\",\"description\":\"\",\"publisher\":{\"@id\":\"https:\/\/paramedic360.ca\/fr\/#organization\"},\"potentialAction\":[{\"@type\":\"SearchAction\",\"target\":{\"@type\":\"EntryPoint\",\"urlTemplate\":\"https:\/\/paramedic360.ca\/fr\/?s={search_term_string}\"},\"query-input\":{\"@type\":\"PropertyValueSpecification\",\"valueRequired\":true,\"valueName\":\"search_term_string\"}}],\"inLanguage\":\"fr-FR\"},{\"@type\":\"Organization\",\"@id\":\"https:\/\/paramedic360.ca\/fr\/#organization\",\"name\":\"Paramedic 360\",\"url\":\"https:\/\/paramedic360.ca\/fr\/\",\"logo\":{\"@type\":\"ImageObject\",\"inLanguage\":\"fr-FR\",\"@id\":\"https:\/\/paramedic360.ca\/fr\/#\/schema\/logo\/image\/\",\"url\":\"https:\/\/paramedic360.ca\/wp-content\/uploads\/2022\/04\/Logo_Paramedic_360.png\",\"contentUrl\":\"https:\/\/paramedic360.ca\/wp-content\/uploads\/2022\/04\/Logo_Paramedic_360.png\",\"width\":467,\"height\":128,\"caption\":\"Paramedic 360\"},\"image\":{\"@id\":\"https:\/\/paramedic360.ca\/fr\/#\/schema\/logo\/image\/\"}}]}<\/script>\n<!-- \/ Yoast SEO plugin. -->","yoast_head_json":{"title":"BAS DIABETIQUE BLANC - Paramedic 360","robots":{"index":"index","follow":"follow","max-snippet":"max-snippet:-1","max-image-preview":"max-image-preview:large","max-video-preview":"max-video-preview:-1"},"canonical":"https:\/\/paramedic360.ca\/fr\/produit\/bas-diabetique-blanc\/","og_locale":"fr_FR","og_type":"article","og_title":"BAS DIABETIQUE BLANC - Paramedic 360","og_description":"Bas de compression blanc pour diab\u00e9tique disponibles en 2 tailles. Confortables et \u00e9l\u00e9gants, ils fournissent une compression gradu\u00e9e permettant la r\u00e9duction de la fatigue musculaire pendant l\u2019effort. UPC Code: 620278088601, 620278088618","og_url":"https:\/\/paramedic360.ca\/fr\/produit\/bas-diabetique-blanc\/","og_site_name":"Paramedic 360","article_modified_time":"2022-05-19T17:08:26+00:00","og_image":[{"width":620,"height":620,"url":"https:\/\/paramedic360.ca\/wp-content\/uploads\/2022\/05\/DiabeticSocksWhite.png","type":"image\/png"}],"twitter_card":"summary_large_image","schema":{"@context":"https:\/\/schema.org","@graph":[{"@type":"WebPage","@id":"https:\/\/paramedic360.ca\/fr\/produit\/bas-diabetique-blanc\/","url":"https:\/\/paramedic360.ca\/fr\/produit\/bas-diabetique-blanc\/","name":"BAS DIABETIQUE BLANC - Paramedic 360","isPartOf":{"@id":"https:\/\/paramedic360.ca\/fr\/#website"},"primaryImageOfPage":{"@id":"https:\/\/paramedic360.ca\/fr\/produit\/bas-diabetique-blanc\/#primaryimage"},"image":{"@id":"https:\/\/paramedic360.ca\/fr\/produit\/bas-diabetique-blanc\/#primaryimage"},"thumbnailUrl":"https:\/\/paramedic360.ca\/wp-content\/uploads\/2022\/05\/DiabeticSocksWhite.png","datePublished":"2022-05-11T20:35:52+00:00","dateModified":"2022-05-19T17:08:26+00:00","breadcrumb":{"@id":"https:\/\/paramedic360.ca\/fr\/produit\/bas-diabetique-blanc\/#breadcrumb"},"inLanguage":"fr-FR","potentialAction":[{"@type":"ReadAction","target":["https:\/\/paramedic360.ca\/fr\/produit\/bas-diabetique-blanc\/"]}]},{"@type":"ImageObject","inLanguage":"fr-FR","@id":"https:\/\/paramedic360.ca\/fr\/produit\/bas-diabetique-blanc\/#primaryimage","url":"https:\/\/paramedic360.ca\/wp-content\/uploads\/2022\/05\/DiabeticSocksWhite.png","contentUrl":"https:\/\/paramedic360.ca\/wp-content\/uploads\/2022\/05\/DiabeticSocksWhite.png","width":620,"height":620},{"@type":"BreadcrumbList","@id":"https:\/\/paramedic360.ca\/fr\/produit\/bas-diabetique-blanc\/#breadcrumb","itemListElement":[{"@type":"ListItem","position":1,"name":"Home","item":"https:\/\/paramedic360.ca\/fr\/"},{"@type":"ListItem","position":2,"name":"Boutique","item":"https:\/\/paramedic360.ca\/fr\/boutique\/"},{"@type":"ListItem","position":3,"name":"BAS DIABETIQUE BLANC"}]},{"@type":"WebSite","@id":"https:\/\/paramedic360.ca\/fr\/#website","url":"https:\/\/paramedic360.ca\/fr\/","name":"Paramedic 360","description":"","publisher":{"@id":"https:\/\/paramedic360.ca\/fr\/#organization"},"potentialAction":[{"@type":"SearchAction","target":{"@type":"EntryPoint","urlTemplate":"https:\/\/paramedic360.ca\/fr\/?s={search_term_string}"},"query-input":{"@type":"PropertyValueSpecification","valueRequired":true,"valueName":"search_term_string"}}],"inLanguage":"fr-FR"},{"@type":"Organization","@id":"https:\/\/paramedic360.ca\/fr\/#organization","name":"Paramedic 360","url":"https:\/\/paramedic360.ca\/fr\/","logo":{"@type":"ImageObject","inLanguage":"fr-FR","@id":"https:\/\/paramedic360.ca\/fr\/#\/schema\/logo\/image\/","url":"https:\/\/paramedic360.ca\/wp-content\/uploads\/2022\/04\/Logo_Paramedic_360.png","contentUrl":"https:\/\/paramedic360.ca\/wp-content\/uploads\/2022\/04\/Logo_Paramedic_360.png","width":467,"height":128,"caption":"Paramedic 360"},"image":{"@id":"https:\/\/paramedic360.ca\/fr\/#\/schema\/logo\/image\/"}}]}},"_links":{"self":[{"href":"https:\/\/paramedic360.ca\/fr\/wp-json\/wp\/v2\/product\/2459","targetHints":{"allow":["GET"]}}],"collection":[{"href":"https:\/\/paramedic360.ca\/fr\/wp-json\/wp\/v2\/product"}],"about":[{"href":"https:\/\/paramedic360.ca\/fr\/wp-json\/wp\/v2\/types\/product"}],"wp:featuredmedia":[{"embeddable":true,"href":"https:\/\/paramedic360.ca\/fr\/wp-json\/wp\/v2\/media\/2445"}],"wp:attachment":[{"href":"https:\/\/paramedic360.ca\/fr\/wp-json\/wp\/v2\/media?parent=2459"}],"wp:term":[{"taxonomy":"product_brand","embeddable":true,"href":"https:\/\/paramedic360.ca\/fr\/wp-json\/wp\/v2\/product_brand?post=2459"},{"taxonomy":"product_cat","embeddable":true,"href":"https:\/\/paramedic360.ca\/fr\/wp-json\/wp\/v2\/product_cat?post=2459"},{"taxonomy":"product_tag","embeddable":true,"href":"https:\/\/paramedic360.ca\/fr\/wp-json\/wp\/v2\/product_tag?post=2459"}],"curies":[{"name":"wp","href":"https:\/\/api.w.org\/{rel}","templated":true}]}}