{"id":2532,"date":"2022-05-11T20:59:43","date_gmt":"2022-05-11T20:59:43","guid":{"rendered":"https:\/\/paramedic360.ca\/product\/calf-compression-sleeves-black\/"},"modified":"2022-05-11T21:22:07","modified_gmt":"2022-05-11T21:22:07","slug":"manchon-compression-mollet-noir","status":"publish","type":"product","link":"https:\/\/paramedic360.ca\/fr\/produit\/manchon-compression-mollet-noir\/","title":{"rendered":"MANCHON COMPRESSION MOLLET NOIR"},"content":{"rendered":"<p>Les manchons de compression paramedic 360 sont con\u00e7us pour fournir une compression stable le long du mollet pour am\u00e9liorer la circulation sanguine et r\u00e9duire la fatigue musculaire des jambes suite \u00e0 un effort. Ce produit peut \u00eatre utilis\u00e9 lors d&rsquo;activit\u00e9s physiques afin d&rsquo;aider \u00e0 am\u00e9liorer la performance physique de m\u00eame que la r\u00e9cup\u00e9ration. Il peut \u00e9galement servir pour la pr\u00e9vention des varices et des probl\u00e8mes de circulation mineurs. Ce produit est fabriqu\u00e9 avec des mat\u00e9riaux l\u00e9gers pour \u00e9viter l&rsquo;accumulation de l&rsquo;humidit\u00e9. Entre 15 &#038; 20 MG de HG de compressions.<\/p>\n","protected":false},"excerpt":{"rendered":"<p>Les manchons de compression paramedic 360 sont con\u00e7us pour fournir une compression stable le long du mollet pour am\u00e9liorer la circulation sanguine et r\u00e9duire la fatigue musculaire des jambes suite \u00e0 un effort. Ce produit peut \u00eatre utilis\u00e9 lors d&rsquo;activit\u00e9s physiques afin d&rsquo;aider \u00e0 am\u00e9liorer la performance physique de m\u00eame que la r\u00e9cup\u00e9ration. Il peut \u00e9galement servir pour la pr\u00e9vention des varices et des probl\u00e8mes de circulation mineurs. Ce produit est fabriqu\u00e9 avec des mat\u00e9riaux l\u00e9gers pour \u00e9viter l&rsquo;accumulation de l&rsquo;humidit\u00e9. Entre 15 &#038; 20 MG de HG de compressions.<\/p>\n<h4>UPC Code:<\/h4>\n<p>620278088458, 620278088465, 620278088472, 620278088489<\/p>\n","protected":false},"featured_media":2531,"template":"","meta":{"inline_featured_image":false},"product_brand":[],"product_cat":[74],"product_tag":[],"class_list":{"0":"post-2532","1":"product","2":"type-product","3":"status-publish","4":"has-post-thumbnail","6":"product_cat-uncategorized-fr","7":"align-left","8":"box-shadow-0","9":"box-shadow-0-hover","10":"ast-product-gallery-layout-horizontal","11":"ast-product-gallery-with-no-image","12":"ast-product-tabs-layout-horizontal","13":"ast-qv-on-image","15":"first","16":"instock","17":"taxable","18":"shipping-taxable","19":"purchasable","20":"product-type-variable"},"yoast_head":"<!-- This site is optimized with the Yoast SEO plugin v26.9 - https:\/\/yoast.com\/product\/yoast-seo-wordpress\/ -->\n<title>MANCHON COMPRESSION MOLLET NOIR - Paramedic 360<\/title>\n<meta name=\"robots\" content=\"index, follow, max-snippet:-1, max-image-preview:large, max-video-preview:-1\" \/>\n<link rel=\"canonical\" href=\"https:\/\/paramedic360.ca\/fr\/produit\/manchon-compression-mollet-noir\/\" \/>\n<meta property=\"og:locale\" content=\"fr_FR\" \/>\n<meta property=\"og:type\" content=\"article\" \/>\n<meta property=\"og:title\" content=\"MANCHON COMPRESSION MOLLET NOIR - Paramedic 360\" \/>\n<meta property=\"og:description\" content=\"Les manchons de compression paramedic 360 sont con\u00e7us pour fournir une compression stable le long du mollet pour am\u00e9liorer la circulation sanguine et r\u00e9duire la fatigue musculaire des jambes suite \u00e0 un effort. Ce produit peut \u00eatre utilis\u00e9 lors d&#039;activit\u00e9s physiques afin d&#039;aider \u00e0 am\u00e9liorer la performance physique de m\u00eame que la r\u00e9cup\u00e9ration. Il peut \u00e9galement servir pour la pr\u00e9vention des varices et des probl\u00e8mes de circulation mineurs. Ce produit est fabriqu\u00e9 avec des mat\u00e9riaux l\u00e9gers pour \u00e9viter l&#039;accumulation de l&#039;humidit\u00e9. Entre 15 &amp; 20 MG de HG de compressions. UPC Code: 620278088458, 620278088465, 620278088472, 620278088489\" \/>\n<meta property=\"og:url\" content=\"https:\/\/paramedic360.ca\/fr\/produit\/manchon-compression-mollet-noir\/\" \/>\n<meta property=\"og:site_name\" content=\"Paramedic 360\" \/>\n<meta property=\"article:modified_time\" content=\"2022-05-11T21:22:07+00:00\" \/>\n<meta property=\"og:image\" content=\"https:\/\/paramedic360.ca\/wp-content\/uploads\/2022\/05\/999_8845_Mollet_Calf_Noir_Black_3D.png\" \/>\n\t<meta property=\"og:image:width\" content=\"1500\" \/>\n\t<meta property=\"og:image:height\" content=\"1500\" \/>\n\t<meta property=\"og:image:type\" content=\"image\/png\" \/>\n<meta name=\"twitter:card\" content=\"summary_large_image\" \/>\n<script type=\"application\/ld+json\" class=\"yoast-schema-graph\">{\"@context\":\"https:\/\/schema.org\",\"@graph\":[{\"@type\":\"WebPage\",\"@id\":\"https:\/\/paramedic360.ca\/fr\/produit\/manchon-compression-mollet-noir\/\",\"url\":\"https:\/\/paramedic360.ca\/fr\/produit\/manchon-compression-mollet-noir\/\",\"name\":\"MANCHON COMPRESSION MOLLET NOIR - Paramedic 360\",\"isPartOf\":{\"@id\":\"https:\/\/paramedic360.ca\/fr\/#website\"},\"primaryImageOfPage\":{\"@id\":\"https:\/\/paramedic360.ca\/fr\/produit\/manchon-compression-mollet-noir\/#primaryimage\"},\"image\":{\"@id\":\"https:\/\/paramedic360.ca\/fr\/produit\/manchon-compression-mollet-noir\/#primaryimage\"},\"thumbnailUrl\":\"https:\/\/paramedic360.ca\/wp-content\/uploads\/2022\/05\/999_8845_Mollet_Calf_Noir_Black_3D.png\",\"datePublished\":\"2022-05-11T20:59:43+00:00\",\"dateModified\":\"2022-05-11T21:22:07+00:00\",\"breadcrumb\":{\"@id\":\"https:\/\/paramedic360.ca\/fr\/produit\/manchon-compression-mollet-noir\/#breadcrumb\"},\"inLanguage\":\"fr-FR\",\"potentialAction\":[{\"@type\":\"ReadAction\",\"target\":[\"https:\/\/paramedic360.ca\/fr\/produit\/manchon-compression-mollet-noir\/\"]}]},{\"@type\":\"ImageObject\",\"inLanguage\":\"fr-FR\",\"@id\":\"https:\/\/paramedic360.ca\/fr\/produit\/manchon-compression-mollet-noir\/#primaryimage\",\"url\":\"https:\/\/paramedic360.ca\/wp-content\/uploads\/2022\/05\/999_8845_Mollet_Calf_Noir_Black_3D.png\",\"contentUrl\":\"https:\/\/paramedic360.ca\/wp-content\/uploads\/2022\/05\/999_8845_Mollet_Calf_Noir_Black_3D.png\",\"width\":1500,\"height\":1500},{\"@type\":\"BreadcrumbList\",\"@id\":\"https:\/\/paramedic360.ca\/fr\/produit\/manchon-compression-mollet-noir\/#breadcrumb\",\"itemListElement\":[{\"@type\":\"ListItem\",\"position\":1,\"name\":\"Home\",\"item\":\"https:\/\/paramedic360.ca\/fr\/\"},{\"@type\":\"ListItem\",\"position\":2,\"name\":\"Boutique\",\"item\":\"https:\/\/paramedic360.ca\/fr\/boutique\/\"},{\"@type\":\"ListItem\",\"position\":3,\"name\":\"MANCHON COMPRESSION MOLLET NOIR\"}]},{\"@type\":\"WebSite\",\"@id\":\"https:\/\/paramedic360.ca\/fr\/#website\",\"url\":\"https:\/\/paramedic360.ca\/fr\/\",\"name\":\"Paramedic 360\",\"description\":\"\",\"publisher\":{\"@id\":\"https:\/\/paramedic360.ca\/fr\/#organization\"},\"potentialAction\":[{\"@type\":\"SearchAction\",\"target\":{\"@type\":\"EntryPoint\",\"urlTemplate\":\"https:\/\/paramedic360.ca\/fr\/?s={search_term_string}\"},\"query-input\":{\"@type\":\"PropertyValueSpecification\",\"valueRequired\":true,\"valueName\":\"search_term_string\"}}],\"inLanguage\":\"fr-FR\"},{\"@type\":\"Organization\",\"@id\":\"https:\/\/paramedic360.ca\/fr\/#organization\",\"name\":\"Paramedic 360\",\"url\":\"https:\/\/paramedic360.ca\/fr\/\",\"logo\":{\"@type\":\"ImageObject\",\"inLanguage\":\"fr-FR\",\"@id\":\"https:\/\/paramedic360.ca\/fr\/#\/schema\/logo\/image\/\",\"url\":\"https:\/\/paramedic360.ca\/wp-content\/uploads\/2022\/04\/Logo_Paramedic_360.png\",\"contentUrl\":\"https:\/\/paramedic360.ca\/wp-content\/uploads\/2022\/04\/Logo_Paramedic_360.png\",\"width\":467,\"height\":128,\"caption\":\"Paramedic 360\"},\"image\":{\"@id\":\"https:\/\/paramedic360.ca\/fr\/#\/schema\/logo\/image\/\"}}]}<\/script>\n<!-- \/ Yoast SEO plugin. -->","yoast_head_json":{"title":"MANCHON COMPRESSION MOLLET NOIR - Paramedic 360","robots":{"index":"index","follow":"follow","max-snippet":"max-snippet:-1","max-image-preview":"max-image-preview:large","max-video-preview":"max-video-preview:-1"},"canonical":"https:\/\/paramedic360.ca\/fr\/produit\/manchon-compression-mollet-noir\/","og_locale":"fr_FR","og_type":"article","og_title":"MANCHON COMPRESSION MOLLET NOIR - Paramedic 360","og_description":"Les manchons de compression paramedic 360 sont con\u00e7us pour fournir une compression stable le long du mollet pour am\u00e9liorer la circulation sanguine et r\u00e9duire la fatigue musculaire des jambes suite \u00e0 un effort. Ce produit peut \u00eatre utilis\u00e9 lors d'activit\u00e9s physiques afin d'aider \u00e0 am\u00e9liorer la performance physique de m\u00eame que la r\u00e9cup\u00e9ration. Il peut \u00e9galement servir pour la pr\u00e9vention des varices et des probl\u00e8mes de circulation mineurs. Ce produit est fabriqu\u00e9 avec des mat\u00e9riaux l\u00e9gers pour \u00e9viter l'accumulation de l'humidit\u00e9. Entre 15 & 20 MG de HG de compressions. UPC Code: 620278088458, 620278088465, 620278088472, 620278088489","og_url":"https:\/\/paramedic360.ca\/fr\/produit\/manchon-compression-mollet-noir\/","og_site_name":"Paramedic 360","article_modified_time":"2022-05-11T21:22:07+00:00","og_image":[{"width":1500,"height":1500,"url":"https:\/\/paramedic360.ca\/wp-content\/uploads\/2022\/05\/999_8845_Mollet_Calf_Noir_Black_3D.png","type":"image\/png"}],"twitter_card":"summary_large_image","schema":{"@context":"https:\/\/schema.org","@graph":[{"@type":"WebPage","@id":"https:\/\/paramedic360.ca\/fr\/produit\/manchon-compression-mollet-noir\/","url":"https:\/\/paramedic360.ca\/fr\/produit\/manchon-compression-mollet-noir\/","name":"MANCHON COMPRESSION MOLLET NOIR - Paramedic 360","isPartOf":{"@id":"https:\/\/paramedic360.ca\/fr\/#website"},"primaryImageOfPage":{"@id":"https:\/\/paramedic360.ca\/fr\/produit\/manchon-compression-mollet-noir\/#primaryimage"},"image":{"@id":"https:\/\/paramedic360.ca\/fr\/produit\/manchon-compression-mollet-noir\/#primaryimage"},"thumbnailUrl":"https:\/\/paramedic360.ca\/wp-content\/uploads\/2022\/05\/999_8845_Mollet_Calf_Noir_Black_3D.png","datePublished":"2022-05-11T20:59:43+00:00","dateModified":"2022-05-11T21:22:07+00:00","breadcrumb":{"@id":"https:\/\/paramedic360.ca\/fr\/produit\/manchon-compression-mollet-noir\/#breadcrumb"},"inLanguage":"fr-FR","potentialAction":[{"@type":"ReadAction","target":["https:\/\/paramedic360.ca\/fr\/produit\/manchon-compression-mollet-noir\/"]}]},{"@type":"ImageObject","inLanguage":"fr-FR","@id":"https:\/\/paramedic360.ca\/fr\/produit\/manchon-compression-mollet-noir\/#primaryimage","url":"https:\/\/paramedic360.ca\/wp-content\/uploads\/2022\/05\/999_8845_Mollet_Calf_Noir_Black_3D.png","contentUrl":"https:\/\/paramedic360.ca\/wp-content\/uploads\/2022\/05\/999_8845_Mollet_Calf_Noir_Black_3D.png","width":1500,"height":1500},{"@type":"BreadcrumbList","@id":"https:\/\/paramedic360.ca\/fr\/produit\/manchon-compression-mollet-noir\/#breadcrumb","itemListElement":[{"@type":"ListItem","position":1,"name":"Home","item":"https:\/\/paramedic360.ca\/fr\/"},{"@type":"ListItem","position":2,"name":"Boutique","item":"https:\/\/paramedic360.ca\/fr\/boutique\/"},{"@type":"ListItem","position":3,"name":"MANCHON COMPRESSION MOLLET NOIR"}]},{"@type":"WebSite","@id":"https:\/\/paramedic360.ca\/fr\/#website","url":"https:\/\/paramedic360.ca\/fr\/","name":"Paramedic 360","description":"","publisher":{"@id":"https:\/\/paramedic360.ca\/fr\/#organization"},"potentialAction":[{"@type":"SearchAction","target":{"@type":"EntryPoint","urlTemplate":"https:\/\/paramedic360.ca\/fr\/?s={search_term_string}"},"query-input":{"@type":"PropertyValueSpecification","valueRequired":true,"valueName":"search_term_string"}}],"inLanguage":"fr-FR"},{"@type":"Organization","@id":"https:\/\/paramedic360.ca\/fr\/#organization","name":"Paramedic 360","url":"https:\/\/paramedic360.ca\/fr\/","logo":{"@type":"ImageObject","inLanguage":"fr-FR","@id":"https:\/\/paramedic360.ca\/fr\/#\/schema\/logo\/image\/","url":"https:\/\/paramedic360.ca\/wp-content\/uploads\/2022\/04\/Logo_Paramedic_360.png","contentUrl":"https:\/\/paramedic360.ca\/wp-content\/uploads\/2022\/04\/Logo_Paramedic_360.png","width":467,"height":128,"caption":"Paramedic 360"},"image":{"@id":"https:\/\/paramedic360.ca\/fr\/#\/schema\/logo\/image\/"}}]}},"_links":{"self":[{"href":"https:\/\/paramedic360.ca\/fr\/wp-json\/wp\/v2\/product\/2532","targetHints":{"allow":["GET"]}}],"collection":[{"href":"https:\/\/paramedic360.ca\/fr\/wp-json\/wp\/v2\/product"}],"about":[{"href":"https:\/\/paramedic360.ca\/fr\/wp-json\/wp\/v2\/types\/product"}],"wp:featuredmedia":[{"embeddable":true,"href":"https:\/\/paramedic360.ca\/fr\/wp-json\/wp\/v2\/media\/2531"}],"wp:attachment":[{"href":"https:\/\/paramedic360.ca\/fr\/wp-json\/wp\/v2\/media?parent=2532"}],"wp:term":[{"taxonomy":"product_brand","embeddable":true,"href":"https:\/\/paramedic360.ca\/fr\/wp-json\/wp\/v2\/product_brand?post=2532"},{"taxonomy":"product_cat","embeddable":true,"href":"https:\/\/paramedic360.ca\/fr\/wp-json\/wp\/v2\/product_cat?post=2532"},{"taxonomy":"product_tag","embeddable":true,"href":"https:\/\/paramedic360.ca\/fr\/wp-json\/wp\/v2\/product_tag?post=2532"}],"curies":[{"name":"wp","href":"https:\/\/api.w.org\/{rel}","templated":true}]}}