{"id":2560,"date":"2022-05-11T21:35:42","date_gmt":"2022-05-11T21:35:42","guid":{"rendered":"https:\/\/paramedic360.ca\/product\/athletic-compression-socks-white\/"},"modified":"2022-05-11T21:40:53","modified_gmt":"2022-05-11T21:40:53","slug":"athletic-compression-bas-blanc","status":"publish","type":"product","link":"https:\/\/paramedic360.ca\/fr\/produit\/athletic-compression-bas-blanc\/","title":{"rendered":"BAS DE COMPRESSION ATHLETIQUE BLANC"},"content":{"rendered":"<p>Les bas de compression athl\u00e9tique param\u00e9dic 360 sont con\u00e7us pour fournir une compression gradu\u00e9e qui am\u00e9liore la circulation sanguine et r\u00e9duit la fatigue musculaire des jambes suite \u00e0 un effort. Ce produit peut \u00eatre utilis\u00e9 lors d&rsquo;activit\u00e9 physique afin d&rsquo;Aider \u00e0 am\u00e9liorer la performance physique de m\u00eame que la r\u00e9cup\u00e9ration. Il peut \u00e9galement servir pour la pr\u00e9vention des varices et des probl\u00e8mes de circulation mineurs. Ce produit est fabriqu\u00e9 avec des mat\u00e9riaux l\u00e9gers pour \u00e9viter l&rsquo;accumulation de l&rsquo;humidit\u00e9. Les nano fibres d&rsquo;argent ont un effet antibact\u00e9rien et anti-odeur.<\/p>\n","protected":false},"excerpt":{"rendered":"<p>Les bas de compression athl\u00e9tique param\u00e9dic 360 sont con\u00e7us pour fournir une compression gradu\u00e9e qui am\u00e9liore la circulation sanguine et r\u00e9duit la fatigue musculaire des jambes suite \u00e0 un effort. Ce produit peut \u00eatre utilis\u00e9 lors d&rsquo;activit\u00e9 physique afin d&rsquo;Aider \u00e0 am\u00e9liorer la performance physique de m\u00eame que la r\u00e9cup\u00e9ration. Il peut \u00e9galement servir pour la pr\u00e9vention des varices et des probl\u00e8mes de circulation mineurs. Ce produit est fabriqu\u00e9 avec des mat\u00e9riaux l\u00e9gers pour \u00e9viter l&rsquo;accumulation de l&rsquo;humidit\u00e9. Les nano fibres d&rsquo;argent ont un effet antibact\u00e9rien et anti-odeur.<\/p>\n<h4>UPC Code:<\/h4>\n<p>620278088311, 620278088328, 620278088335, 620278088342<\/p>\n","protected":false},"featured_media":2548,"template":"","meta":{"inline_featured_image":false},"product_brand":[],"product_cat":[74],"product_tag":[],"class_list":{"0":"post-2560","1":"product","2":"type-product","3":"status-publish","4":"has-post-thumbnail","6":"product_cat-uncategorized-fr","7":"align-left","8":"box-shadow-0","9":"box-shadow-0-hover","10":"ast-product-gallery-layout-horizontal","11":"ast-product-gallery-with-no-image","12":"ast-product-tabs-layout-horizontal","13":"ast-qv-on-image","15":"first","16":"instock","17":"taxable","18":"shipping-taxable","19":"purchasable","20":"product-type-variable"},"yoast_head":"<!-- This site is optimized with the Yoast SEO plugin v26.9 - https:\/\/yoast.com\/product\/yoast-seo-wordpress\/ -->\n<title>BAS DE COMPRESSION ATHLETIQUE BLANC - Paramedic 360<\/title>\n<meta name=\"robots\" content=\"index, follow, max-snippet:-1, max-image-preview:large, max-video-preview:-1\" \/>\n<link rel=\"canonical\" href=\"https:\/\/paramedic360.ca\/fr\/produit\/athletic-compression-bas-blanc\/\" \/>\n<meta property=\"og:locale\" content=\"fr_FR\" \/>\n<meta property=\"og:type\" content=\"article\" \/>\n<meta property=\"og:title\" content=\"BAS DE COMPRESSION ATHLETIQUE BLANC - Paramedic 360\" \/>\n<meta property=\"og:description\" content=\"Les bas de compression athl\u00e9tique param\u00e9dic 360 sont con\u00e7us pour fournir une compression gradu\u00e9e qui am\u00e9liore la circulation sanguine et r\u00e9duit la fatigue musculaire des jambes suite \u00e0 un effort. Ce produit peut \u00eatre utilis\u00e9 lors d&#039;activit\u00e9 physique afin d&#039;Aider \u00e0 am\u00e9liorer la performance physique de m\u00eame que la r\u00e9cup\u00e9ration. Il peut \u00e9galement servir pour la pr\u00e9vention des varices et des probl\u00e8mes de circulation mineurs. Ce produit est fabriqu\u00e9 avec des mat\u00e9riaux l\u00e9gers pour \u00e9viter l&#039;accumulation de l&#039;humidit\u00e9. Les nano fibres d&#039;argent ont un effet antibact\u00e9rien et anti-odeur. UPC Code: 620278088311, 620278088328, 620278088335, 620278088342\" \/>\n<meta property=\"og:url\" content=\"https:\/\/paramedic360.ca\/fr\/produit\/athletic-compression-bas-blanc\/\" \/>\n<meta property=\"og:site_name\" content=\"Paramedic 360\" \/>\n<meta property=\"article:modified_time\" content=\"2022-05-11T21:40:53+00:00\" \/>\n<meta property=\"og:image\" content=\"https:\/\/paramedic360.ca\/wp-content\/uploads\/2022\/05\/999_8831_Long_Blanc_White_3D.png\" \/>\n\t<meta property=\"og:image:width\" content=\"1500\" \/>\n\t<meta property=\"og:image:height\" content=\"1500\" \/>\n\t<meta property=\"og:image:type\" content=\"image\/png\" \/>\n<meta name=\"twitter:card\" content=\"summary_large_image\" \/>\n<meta name=\"twitter:label1\" content=\"Dur\u00e9e de lecture estim\u00e9e\" \/>\n\t<meta name=\"twitter:data1\" content=\"1 minute\" \/>\n<script type=\"application\/ld+json\" class=\"yoast-schema-graph\">{\"@context\":\"https:\/\/schema.org\",\"@graph\":[{\"@type\":\"WebPage\",\"@id\":\"https:\/\/paramedic360.ca\/fr\/produit\/athletic-compression-bas-blanc\/\",\"url\":\"https:\/\/paramedic360.ca\/fr\/produit\/athletic-compression-bas-blanc\/\",\"name\":\"BAS DE COMPRESSION ATHLETIQUE BLANC - Paramedic 360\",\"isPartOf\":{\"@id\":\"https:\/\/paramedic360.ca\/fr\/#website\"},\"primaryImageOfPage\":{\"@id\":\"https:\/\/paramedic360.ca\/fr\/produit\/athletic-compression-bas-blanc\/#primaryimage\"},\"image\":{\"@id\":\"https:\/\/paramedic360.ca\/fr\/produit\/athletic-compression-bas-blanc\/#primaryimage\"},\"thumbnailUrl\":\"https:\/\/paramedic360.ca\/wp-content\/uploads\/2022\/05\/999_8831_Long_Blanc_White_3D.png\",\"datePublished\":\"2022-05-11T21:35:42+00:00\",\"dateModified\":\"2022-05-11T21:40:53+00:00\",\"breadcrumb\":{\"@id\":\"https:\/\/paramedic360.ca\/fr\/produit\/athletic-compression-bas-blanc\/#breadcrumb\"},\"inLanguage\":\"fr-FR\",\"potentialAction\":[{\"@type\":\"ReadAction\",\"target\":[\"https:\/\/paramedic360.ca\/fr\/produit\/athletic-compression-bas-blanc\/\"]}]},{\"@type\":\"ImageObject\",\"inLanguage\":\"fr-FR\",\"@id\":\"https:\/\/paramedic360.ca\/fr\/produit\/athletic-compression-bas-blanc\/#primaryimage\",\"url\":\"https:\/\/paramedic360.ca\/wp-content\/uploads\/2022\/05\/999_8831_Long_Blanc_White_3D.png\",\"contentUrl\":\"https:\/\/paramedic360.ca\/wp-content\/uploads\/2022\/05\/999_8831_Long_Blanc_White_3D.png\",\"width\":1500,\"height\":1500},{\"@type\":\"BreadcrumbList\",\"@id\":\"https:\/\/paramedic360.ca\/fr\/produit\/athletic-compression-bas-blanc\/#breadcrumb\",\"itemListElement\":[{\"@type\":\"ListItem\",\"position\":1,\"name\":\"Home\",\"item\":\"https:\/\/paramedic360.ca\/fr\/\"},{\"@type\":\"ListItem\",\"position\":2,\"name\":\"Boutique\",\"item\":\"https:\/\/paramedic360.ca\/fr\/boutique\/\"},{\"@type\":\"ListItem\",\"position\":3,\"name\":\"BAS DE COMPRESSION ATHLETIQUE BLANC\"}]},{\"@type\":\"WebSite\",\"@id\":\"https:\/\/paramedic360.ca\/fr\/#website\",\"url\":\"https:\/\/paramedic360.ca\/fr\/\",\"name\":\"Paramedic 360\",\"description\":\"\",\"publisher\":{\"@id\":\"https:\/\/paramedic360.ca\/fr\/#organization\"},\"potentialAction\":[{\"@type\":\"SearchAction\",\"target\":{\"@type\":\"EntryPoint\",\"urlTemplate\":\"https:\/\/paramedic360.ca\/fr\/?s={search_term_string}\"},\"query-input\":{\"@type\":\"PropertyValueSpecification\",\"valueRequired\":true,\"valueName\":\"search_term_string\"}}],\"inLanguage\":\"fr-FR\"},{\"@type\":\"Organization\",\"@id\":\"https:\/\/paramedic360.ca\/fr\/#organization\",\"name\":\"Paramedic 360\",\"url\":\"https:\/\/paramedic360.ca\/fr\/\",\"logo\":{\"@type\":\"ImageObject\",\"inLanguage\":\"fr-FR\",\"@id\":\"https:\/\/paramedic360.ca\/fr\/#\/schema\/logo\/image\/\",\"url\":\"https:\/\/paramedic360.ca\/wp-content\/uploads\/2022\/04\/Logo_Paramedic_360.png\",\"contentUrl\":\"https:\/\/paramedic360.ca\/wp-content\/uploads\/2022\/04\/Logo_Paramedic_360.png\",\"width\":467,\"height\":128,\"caption\":\"Paramedic 360\"},\"image\":{\"@id\":\"https:\/\/paramedic360.ca\/fr\/#\/schema\/logo\/image\/\"}}]}<\/script>\n<!-- \/ Yoast SEO plugin. -->","yoast_head_json":{"title":"BAS DE COMPRESSION ATHLETIQUE BLANC - Paramedic 360","robots":{"index":"index","follow":"follow","max-snippet":"max-snippet:-1","max-image-preview":"max-image-preview:large","max-video-preview":"max-video-preview:-1"},"canonical":"https:\/\/paramedic360.ca\/fr\/produit\/athletic-compression-bas-blanc\/","og_locale":"fr_FR","og_type":"article","og_title":"BAS DE COMPRESSION ATHLETIQUE BLANC - Paramedic 360","og_description":"Les bas de compression athl\u00e9tique param\u00e9dic 360 sont con\u00e7us pour fournir une compression gradu\u00e9e qui am\u00e9liore la circulation sanguine et r\u00e9duit la fatigue musculaire des jambes suite \u00e0 un effort. Ce produit peut \u00eatre utilis\u00e9 lors d'activit\u00e9 physique afin d'Aider \u00e0 am\u00e9liorer la performance physique de m\u00eame que la r\u00e9cup\u00e9ration. Il peut \u00e9galement servir pour la pr\u00e9vention des varices et des probl\u00e8mes de circulation mineurs. Ce produit est fabriqu\u00e9 avec des mat\u00e9riaux l\u00e9gers pour \u00e9viter l'accumulation de l'humidit\u00e9. Les nano fibres d'argent ont un effet antibact\u00e9rien et anti-odeur. UPC Code: 620278088311, 620278088328, 620278088335, 620278088342","og_url":"https:\/\/paramedic360.ca\/fr\/produit\/athletic-compression-bas-blanc\/","og_site_name":"Paramedic 360","article_modified_time":"2022-05-11T21:40:53+00:00","og_image":[{"width":1500,"height":1500,"url":"https:\/\/paramedic360.ca\/wp-content\/uploads\/2022\/05\/999_8831_Long_Blanc_White_3D.png","type":"image\/png"}],"twitter_card":"summary_large_image","twitter_misc":{"Dur\u00e9e de lecture estim\u00e9e":"1 minute"},"schema":{"@context":"https:\/\/schema.org","@graph":[{"@type":"WebPage","@id":"https:\/\/paramedic360.ca\/fr\/produit\/athletic-compression-bas-blanc\/","url":"https:\/\/paramedic360.ca\/fr\/produit\/athletic-compression-bas-blanc\/","name":"BAS DE COMPRESSION ATHLETIQUE BLANC - Paramedic 360","isPartOf":{"@id":"https:\/\/paramedic360.ca\/fr\/#website"},"primaryImageOfPage":{"@id":"https:\/\/paramedic360.ca\/fr\/produit\/athletic-compression-bas-blanc\/#primaryimage"},"image":{"@id":"https:\/\/paramedic360.ca\/fr\/produit\/athletic-compression-bas-blanc\/#primaryimage"},"thumbnailUrl":"https:\/\/paramedic360.ca\/wp-content\/uploads\/2022\/05\/999_8831_Long_Blanc_White_3D.png","datePublished":"2022-05-11T21:35:42+00:00","dateModified":"2022-05-11T21:40:53+00:00","breadcrumb":{"@id":"https:\/\/paramedic360.ca\/fr\/produit\/athletic-compression-bas-blanc\/#breadcrumb"},"inLanguage":"fr-FR","potentialAction":[{"@type":"ReadAction","target":["https:\/\/paramedic360.ca\/fr\/produit\/athletic-compression-bas-blanc\/"]}]},{"@type":"ImageObject","inLanguage":"fr-FR","@id":"https:\/\/paramedic360.ca\/fr\/produit\/athletic-compression-bas-blanc\/#primaryimage","url":"https:\/\/paramedic360.ca\/wp-content\/uploads\/2022\/05\/999_8831_Long_Blanc_White_3D.png","contentUrl":"https:\/\/paramedic360.ca\/wp-content\/uploads\/2022\/05\/999_8831_Long_Blanc_White_3D.png","width":1500,"height":1500},{"@type":"BreadcrumbList","@id":"https:\/\/paramedic360.ca\/fr\/produit\/athletic-compression-bas-blanc\/#breadcrumb","itemListElement":[{"@type":"ListItem","position":1,"name":"Home","item":"https:\/\/paramedic360.ca\/fr\/"},{"@type":"ListItem","position":2,"name":"Boutique","item":"https:\/\/paramedic360.ca\/fr\/boutique\/"},{"@type":"ListItem","position":3,"name":"BAS DE COMPRESSION ATHLETIQUE BLANC"}]},{"@type":"WebSite","@id":"https:\/\/paramedic360.ca\/fr\/#website","url":"https:\/\/paramedic360.ca\/fr\/","name":"Paramedic 360","description":"","publisher":{"@id":"https:\/\/paramedic360.ca\/fr\/#organization"},"potentialAction":[{"@type":"SearchAction","target":{"@type":"EntryPoint","urlTemplate":"https:\/\/paramedic360.ca\/fr\/?s={search_term_string}"},"query-input":{"@type":"PropertyValueSpecification","valueRequired":true,"valueName":"search_term_string"}}],"inLanguage":"fr-FR"},{"@type":"Organization","@id":"https:\/\/paramedic360.ca\/fr\/#organization","name":"Paramedic 360","url":"https:\/\/paramedic360.ca\/fr\/","logo":{"@type":"ImageObject","inLanguage":"fr-FR","@id":"https:\/\/paramedic360.ca\/fr\/#\/schema\/logo\/image\/","url":"https:\/\/paramedic360.ca\/wp-content\/uploads\/2022\/04\/Logo_Paramedic_360.png","contentUrl":"https:\/\/paramedic360.ca\/wp-content\/uploads\/2022\/04\/Logo_Paramedic_360.png","width":467,"height":128,"caption":"Paramedic 360"},"image":{"@id":"https:\/\/paramedic360.ca\/fr\/#\/schema\/logo\/image\/"}}]}},"_links":{"self":[{"href":"https:\/\/paramedic360.ca\/fr\/wp-json\/wp\/v2\/product\/2560","targetHints":{"allow":["GET"]}}],"collection":[{"href":"https:\/\/paramedic360.ca\/fr\/wp-json\/wp\/v2\/product"}],"about":[{"href":"https:\/\/paramedic360.ca\/fr\/wp-json\/wp\/v2\/types\/product"}],"wp:featuredmedia":[{"embeddable":true,"href":"https:\/\/paramedic360.ca\/fr\/wp-json\/wp\/v2\/media\/2548"}],"wp:attachment":[{"href":"https:\/\/paramedic360.ca\/fr\/wp-json\/wp\/v2\/media?parent=2560"}],"wp:term":[{"taxonomy":"product_brand","embeddable":true,"href":"https:\/\/paramedic360.ca\/fr\/wp-json\/wp\/v2\/product_brand?post=2560"},{"taxonomy":"product_cat","embeddable":true,"href":"https:\/\/paramedic360.ca\/fr\/wp-json\/wp\/v2\/product_cat?post=2560"},{"taxonomy":"product_tag","embeddable":true,"href":"https:\/\/paramedic360.ca\/fr\/wp-json\/wp\/v2\/product_tag?post=2560"}],"curies":[{"name":"wp","href":"https:\/\/api.w.org\/{rel}","templated":true}]}}