{"id":2571,"date":"2022-05-11T21:46:19","date_gmt":"2022-05-11T21:46:19","guid":{"rendered":"https:\/\/paramedic360.ca\/product\/athletic-compression-socks-black\/"},"modified":"2022-07-22T19:34:21","modified_gmt":"2022-07-22T19:34:21","slug":"athletic-compression-bas-noir","status":"publish","type":"product","link":"https:\/\/paramedic360.ca\/fr\/produit\/athletic-compression-bas-noir\/","title":{"rendered":"BAS DE COMPRESSION ATHLETIQUE NOIR"},"content":{"rendered":"<p>Les bas de compression athl\u00e9tique paramedic 360 sont con\u00e7us pour offrir une compression progressive afin d&rsquo;am\u00e9liorer la circulation sanguine et de r\u00e9duire la fatigue des jambes apr\u00e8s l&rsquo;effort. L&rsquo;utilisation de ce produit est autoris\u00e9e aussi bien pendant l&rsquo;effort physique que pendant la r\u00e9cup\u00e9ration. En outre, il peut \u00eatre utilis\u00e9 pour pr\u00e9venir et traiter les varices et les varicosit\u00e9s l\u00e9g\u00e8res \u00e0 mod\u00e9r\u00e9es. La construction perm\u00e9able de ce produit emp\u00eache l&rsquo;accumulation d&rsquo;humidit\u00e9. Les propri\u00e9t\u00e9s antibact\u00e9riennes et anti-odeurs des fibres de nanoargent sont pr\u00e9sentes. HG entre 15 et 20 MG.<\/p>\n","protected":false},"excerpt":{"rendered":"<p>Les bas de compression athl\u00e9tique paramedic 360 sont con\u00e7us pour offrir une compression progressive afin d&rsquo;am\u00e9liorer la circulation sanguine et de r\u00e9duire la fatigue des jambes apr\u00e8s l&rsquo;effort. L&rsquo;utilisation de ce produit est autoris\u00e9e aussi bien pendant l&rsquo;effort physique que pendant la r\u00e9cup\u00e9ration. En outre, il peut \u00eatre utilis\u00e9 pour pr\u00e9venir et traiter les varices et les varicosit\u00e9s l\u00e9g\u00e8res \u00e0 mod\u00e9r\u00e9es. La construction perm\u00e9able de ce produit emp\u00eache l&rsquo;accumulation d&rsquo;humidit\u00e9. Les propri\u00e9t\u00e9s antibact\u00e9riennes et anti-odeurs des fibres de nanoargent sont pr\u00e9sentes. HG entre 15 et 20 MG.<\/p>\n<h4>UPC Code:<\/h4>\n<p>620278088359, 620278088366, 620278088373, 620278088380<\/p>\n","protected":false},"featured_media":2550,"template":"","meta":{"inline_featured_image":false},"product_brand":[],"product_cat":[74],"product_tag":[],"class_list":{"0":"post-2571","1":"product","2":"type-product","3":"status-publish","4":"has-post-thumbnail","6":"product_cat-uncategorized-fr","7":"align-left","8":"box-shadow-0","9":"box-shadow-0-hover","10":"ast-product-gallery-layout-horizontal","11":"ast-product-gallery-with-no-image","12":"ast-product-tabs-layout-horizontal","13":"ast-qv-on-image","15":"first","16":"instock","17":"taxable","18":"shipping-taxable","19":"purchasable","20":"product-type-variable"},"yoast_head":"<!-- This site is optimized with the Yoast SEO plugin v26.9 - https:\/\/yoast.com\/product\/yoast-seo-wordpress\/ -->\n<title>BAS DE COMPRESSION ATHLETIQUE NOIR - Paramedic 360<\/title>\n<meta name=\"robots\" content=\"index, follow, max-snippet:-1, max-image-preview:large, max-video-preview:-1\" \/>\n<link rel=\"canonical\" href=\"https:\/\/paramedic360.ca\/fr\/produit\/athletic-compression-bas-noir\/\" \/>\n<meta property=\"og:locale\" content=\"fr_FR\" \/>\n<meta property=\"og:type\" content=\"article\" \/>\n<meta property=\"og:title\" content=\"BAS DE COMPRESSION ATHLETIQUE NOIR - Paramedic 360\" \/>\n<meta property=\"og:description\" content=\"Les bas de compression athl\u00e9tique paramedic 360 sont con\u00e7us pour offrir une compression progressive afin d&#039;am\u00e9liorer la circulation sanguine et de r\u00e9duire la fatigue des jambes apr\u00e8s l&#039;effort. L&#039;utilisation de ce produit est autoris\u00e9e aussi bien pendant l&#039;effort physique que pendant la r\u00e9cup\u00e9ration. En outre, il peut \u00eatre utilis\u00e9 pour pr\u00e9venir et traiter les varices et les varicosit\u00e9s l\u00e9g\u00e8res \u00e0 mod\u00e9r\u00e9es. La construction perm\u00e9able de ce produit emp\u00eache l&#039;accumulation d&#039;humidit\u00e9. Les propri\u00e9t\u00e9s antibact\u00e9riennes et anti-odeurs des fibres de nanoargent sont pr\u00e9sentes. HG entre 15 et 20 MG. UPC Code: 620278088359, 620278088366, 620278088373, 620278088380\" \/>\n<meta property=\"og:url\" content=\"https:\/\/paramedic360.ca\/fr\/produit\/athletic-compression-bas-noir\/\" \/>\n<meta property=\"og:site_name\" content=\"Paramedic 360\" \/>\n<meta property=\"article:modified_time\" content=\"2022-07-22T19:34:21+00:00\" \/>\n<meta property=\"og:image\" content=\"http:\/\/paramedic360.ca\/wp-content\/uploads\/2022\/05\/999_8835_Long_Noir_Black_3D.png\" \/>\n\t<meta property=\"og:image:width\" content=\"1500\" \/>\n\t<meta property=\"og:image:height\" content=\"1500\" \/>\n\t<meta property=\"og:image:type\" content=\"image\/png\" \/>\n<meta name=\"twitter:card\" content=\"summary_large_image\" \/>\n<meta name=\"twitter:label1\" content=\"Dur\u00e9e de lecture estim\u00e9e\" \/>\n\t<meta name=\"twitter:data1\" content=\"1 minute\" \/>\n<script type=\"application\/ld+json\" class=\"yoast-schema-graph\">{\"@context\":\"https:\/\/schema.org\",\"@graph\":[{\"@type\":\"WebPage\",\"@id\":\"https:\/\/paramedic360.ca\/fr\/produit\/athletic-compression-bas-noir\/\",\"url\":\"https:\/\/paramedic360.ca\/fr\/produit\/athletic-compression-bas-noir\/\",\"name\":\"BAS DE COMPRESSION ATHLETIQUE NOIR - Paramedic 360\",\"isPartOf\":{\"@id\":\"https:\/\/paramedic360.ca\/fr\/#website\"},\"primaryImageOfPage\":{\"@id\":\"https:\/\/paramedic360.ca\/fr\/produit\/athletic-compression-bas-noir\/#primaryimage\"},\"image\":{\"@id\":\"https:\/\/paramedic360.ca\/fr\/produit\/athletic-compression-bas-noir\/#primaryimage\"},\"thumbnailUrl\":\"https:\/\/paramedic360.ca\/wp-content\/uploads\/2022\/05\/999_8835_Long_Noir_Black_3D.png\",\"datePublished\":\"2022-05-11T21:46:19+00:00\",\"dateModified\":\"2022-07-22T19:34:21+00:00\",\"breadcrumb\":{\"@id\":\"https:\/\/paramedic360.ca\/fr\/produit\/athletic-compression-bas-noir\/#breadcrumb\"},\"inLanguage\":\"fr-FR\",\"potentialAction\":[{\"@type\":\"ReadAction\",\"target\":[\"https:\/\/paramedic360.ca\/fr\/produit\/athletic-compression-bas-noir\/\"]}]},{\"@type\":\"ImageObject\",\"inLanguage\":\"fr-FR\",\"@id\":\"https:\/\/paramedic360.ca\/fr\/produit\/athletic-compression-bas-noir\/#primaryimage\",\"url\":\"https:\/\/paramedic360.ca\/wp-content\/uploads\/2022\/05\/999_8835_Long_Noir_Black_3D.png\",\"contentUrl\":\"https:\/\/paramedic360.ca\/wp-content\/uploads\/2022\/05\/999_8835_Long_Noir_Black_3D.png\",\"width\":1500,\"height\":1500},{\"@type\":\"BreadcrumbList\",\"@id\":\"https:\/\/paramedic360.ca\/fr\/produit\/athletic-compression-bas-noir\/#breadcrumb\",\"itemListElement\":[{\"@type\":\"ListItem\",\"position\":1,\"name\":\"Home\",\"item\":\"https:\/\/paramedic360.ca\/fr\/\"},{\"@type\":\"ListItem\",\"position\":2,\"name\":\"Boutique\",\"item\":\"https:\/\/paramedic360.ca\/fr\/boutique\/\"},{\"@type\":\"ListItem\",\"position\":3,\"name\":\"BAS DE COMPRESSION ATHLETIQUE NOIR\"}]},{\"@type\":\"WebSite\",\"@id\":\"https:\/\/paramedic360.ca\/fr\/#website\",\"url\":\"https:\/\/paramedic360.ca\/fr\/\",\"name\":\"Paramedic 360\",\"description\":\"\",\"publisher\":{\"@id\":\"https:\/\/paramedic360.ca\/fr\/#organization\"},\"potentialAction\":[{\"@type\":\"SearchAction\",\"target\":{\"@type\":\"EntryPoint\",\"urlTemplate\":\"https:\/\/paramedic360.ca\/fr\/?s={search_term_string}\"},\"query-input\":{\"@type\":\"PropertyValueSpecification\",\"valueRequired\":true,\"valueName\":\"search_term_string\"}}],\"inLanguage\":\"fr-FR\"},{\"@type\":\"Organization\",\"@id\":\"https:\/\/paramedic360.ca\/fr\/#organization\",\"name\":\"Paramedic 360\",\"url\":\"https:\/\/paramedic360.ca\/fr\/\",\"logo\":{\"@type\":\"ImageObject\",\"inLanguage\":\"fr-FR\",\"@id\":\"https:\/\/paramedic360.ca\/fr\/#\/schema\/logo\/image\/\",\"url\":\"https:\/\/paramedic360.ca\/wp-content\/uploads\/2022\/04\/Logo_Paramedic_360.png\",\"contentUrl\":\"https:\/\/paramedic360.ca\/wp-content\/uploads\/2022\/04\/Logo_Paramedic_360.png\",\"width\":467,\"height\":128,\"caption\":\"Paramedic 360\"},\"image\":{\"@id\":\"https:\/\/paramedic360.ca\/fr\/#\/schema\/logo\/image\/\"}}]}<\/script>\n<!-- \/ Yoast SEO plugin. -->","yoast_head_json":{"title":"BAS DE COMPRESSION ATHLETIQUE NOIR - Paramedic 360","robots":{"index":"index","follow":"follow","max-snippet":"max-snippet:-1","max-image-preview":"max-image-preview:large","max-video-preview":"max-video-preview:-1"},"canonical":"https:\/\/paramedic360.ca\/fr\/produit\/athletic-compression-bas-noir\/","og_locale":"fr_FR","og_type":"article","og_title":"BAS DE COMPRESSION ATHLETIQUE NOIR - Paramedic 360","og_description":"Les bas de compression athl\u00e9tique paramedic 360 sont con\u00e7us pour offrir une compression progressive afin d'am\u00e9liorer la circulation sanguine et de r\u00e9duire la fatigue des jambes apr\u00e8s l'effort. L'utilisation de ce produit est autoris\u00e9e aussi bien pendant l'effort physique que pendant la r\u00e9cup\u00e9ration. En outre, il peut \u00eatre utilis\u00e9 pour pr\u00e9venir et traiter les varices et les varicosit\u00e9s l\u00e9g\u00e8res \u00e0 mod\u00e9r\u00e9es. La construction perm\u00e9able de ce produit emp\u00eache l'accumulation d'humidit\u00e9. Les propri\u00e9t\u00e9s antibact\u00e9riennes et anti-odeurs des fibres de nanoargent sont pr\u00e9sentes. HG entre 15 et 20 MG. UPC Code: 620278088359, 620278088366, 620278088373, 620278088380","og_url":"https:\/\/paramedic360.ca\/fr\/produit\/athletic-compression-bas-noir\/","og_site_name":"Paramedic 360","article_modified_time":"2022-07-22T19:34:21+00:00","og_image":[{"width":1500,"height":1500,"url":"http:\/\/paramedic360.ca\/wp-content\/uploads\/2022\/05\/999_8835_Long_Noir_Black_3D.png","type":"image\/png"}],"twitter_card":"summary_large_image","twitter_misc":{"Dur\u00e9e de lecture estim\u00e9e":"1 minute"},"schema":{"@context":"https:\/\/schema.org","@graph":[{"@type":"WebPage","@id":"https:\/\/paramedic360.ca\/fr\/produit\/athletic-compression-bas-noir\/","url":"https:\/\/paramedic360.ca\/fr\/produit\/athletic-compression-bas-noir\/","name":"BAS DE COMPRESSION ATHLETIQUE NOIR - Paramedic 360","isPartOf":{"@id":"https:\/\/paramedic360.ca\/fr\/#website"},"primaryImageOfPage":{"@id":"https:\/\/paramedic360.ca\/fr\/produit\/athletic-compression-bas-noir\/#primaryimage"},"image":{"@id":"https:\/\/paramedic360.ca\/fr\/produit\/athletic-compression-bas-noir\/#primaryimage"},"thumbnailUrl":"https:\/\/paramedic360.ca\/wp-content\/uploads\/2022\/05\/999_8835_Long_Noir_Black_3D.png","datePublished":"2022-05-11T21:46:19+00:00","dateModified":"2022-07-22T19:34:21+00:00","breadcrumb":{"@id":"https:\/\/paramedic360.ca\/fr\/produit\/athletic-compression-bas-noir\/#breadcrumb"},"inLanguage":"fr-FR","potentialAction":[{"@type":"ReadAction","target":["https:\/\/paramedic360.ca\/fr\/produit\/athletic-compression-bas-noir\/"]}]},{"@type":"ImageObject","inLanguage":"fr-FR","@id":"https:\/\/paramedic360.ca\/fr\/produit\/athletic-compression-bas-noir\/#primaryimage","url":"https:\/\/paramedic360.ca\/wp-content\/uploads\/2022\/05\/999_8835_Long_Noir_Black_3D.png","contentUrl":"https:\/\/paramedic360.ca\/wp-content\/uploads\/2022\/05\/999_8835_Long_Noir_Black_3D.png","width":1500,"height":1500},{"@type":"BreadcrumbList","@id":"https:\/\/paramedic360.ca\/fr\/produit\/athletic-compression-bas-noir\/#breadcrumb","itemListElement":[{"@type":"ListItem","position":1,"name":"Home","item":"https:\/\/paramedic360.ca\/fr\/"},{"@type":"ListItem","position":2,"name":"Boutique","item":"https:\/\/paramedic360.ca\/fr\/boutique\/"},{"@type":"ListItem","position":3,"name":"BAS DE COMPRESSION ATHLETIQUE NOIR"}]},{"@type":"WebSite","@id":"https:\/\/paramedic360.ca\/fr\/#website","url":"https:\/\/paramedic360.ca\/fr\/","name":"Paramedic 360","description":"","publisher":{"@id":"https:\/\/paramedic360.ca\/fr\/#organization"},"potentialAction":[{"@type":"SearchAction","target":{"@type":"EntryPoint","urlTemplate":"https:\/\/paramedic360.ca\/fr\/?s={search_term_string}"},"query-input":{"@type":"PropertyValueSpecification","valueRequired":true,"valueName":"search_term_string"}}],"inLanguage":"fr-FR"},{"@type":"Organization","@id":"https:\/\/paramedic360.ca\/fr\/#organization","name":"Paramedic 360","url":"https:\/\/paramedic360.ca\/fr\/","logo":{"@type":"ImageObject","inLanguage":"fr-FR","@id":"https:\/\/paramedic360.ca\/fr\/#\/schema\/logo\/image\/","url":"https:\/\/paramedic360.ca\/wp-content\/uploads\/2022\/04\/Logo_Paramedic_360.png","contentUrl":"https:\/\/paramedic360.ca\/wp-content\/uploads\/2022\/04\/Logo_Paramedic_360.png","width":467,"height":128,"caption":"Paramedic 360"},"image":{"@id":"https:\/\/paramedic360.ca\/fr\/#\/schema\/logo\/image\/"}}]}},"_links":{"self":[{"href":"https:\/\/paramedic360.ca\/fr\/wp-json\/wp\/v2\/product\/2571","targetHints":{"allow":["GET"]}}],"collection":[{"href":"https:\/\/paramedic360.ca\/fr\/wp-json\/wp\/v2\/product"}],"about":[{"href":"https:\/\/paramedic360.ca\/fr\/wp-json\/wp\/v2\/types\/product"}],"wp:featuredmedia":[{"embeddable":true,"href":"https:\/\/paramedic360.ca\/fr\/wp-json\/wp\/v2\/media\/2550"}],"wp:attachment":[{"href":"https:\/\/paramedic360.ca\/fr\/wp-json\/wp\/v2\/media?parent=2571"}],"wp:term":[{"taxonomy":"product_brand","embeddable":true,"href":"https:\/\/paramedic360.ca\/fr\/wp-json\/wp\/v2\/product_brand?post=2571"},{"taxonomy":"product_cat","embeddable":true,"href":"https:\/\/paramedic360.ca\/fr\/wp-json\/wp\/v2\/product_cat?post=2571"},{"taxonomy":"product_tag","embeddable":true,"href":"https:\/\/paramedic360.ca\/fr\/wp-json\/wp\/v2\/product_tag?post=2571"}],"curies":[{"name":"wp","href":"https:\/\/api.w.org\/{rel}","templated":true}]}}